{"id":23,"date":"2022-05-01T16:44:07","date_gmt":"2022-05-01T16:44:07","guid":{"rendered":"https:\/\/kleintiernothilfe.de\/?page_id=23"},"modified":"2025-11-23T19:37:48","modified_gmt":"2025-11-23T19:37:48","slug":"vertraege","status":"publish","type":"page","link":"https:\/\/kleintiernothilfe.de\/?page_id=23","title":{"rendered":"Unsere Grunds\u00e4tze"},"content":{"rendered":"\n<p><strong>Unsere Haltung zur Landwirtschaft, Jagd und Zucht<\/strong><\/p>\n\n\n\n<p>Wir vertreten eine neutrale Haltung gegen\u00fcber der Landwirtschaft, der Jagd und der Zucht. Auch wenn wir nicht immer mit allen Praktiken dieser Bereiche einverstanden sind, ist es uns wichtig, einen respektvollen und toleranten Umgang zu pflegen. Jeder Mensch, der in diesen Bereichen t\u00e4tig ist, verdient unseren respektvollen Dialog, auch wenn unsere Perspektiven manchmal unterschiedlich sind. Wir glauben daran, dass nur durch gegenseitigen Respekt und Achtsamkeit ein konstruktiver Austausch m\u00f6glich ist.<\/p>\n\n\n\n<p>F\u00fcr uns z\u00e4hlt vor allem eines: <strong>Jede Seele ist gleich viel wert.<\/strong> Egal, ob sie in einem Nutztier schlummert oder in einem Rassehund, einer Rassekatze \u2013 jedes Leben hat seinen eigenen, einzigartigen Wert. Wir sehen jedes Tier mit den Augen der Empathie und Hingabe und glauben, dass es die gleiche F\u00fcrsorge, den gleichen Respekt und die gleiche Liebe verdient, unabh\u00e4ngig von seiner Herkunft oder Bestimmung.<\/p>\n\n\n\n<p>Unsere Arbeit ist von einem klaren Ziel gepr\u00e4gt: <strong>Dem Tier zu helfen.<\/strong> Wir setzen uns mit ganzem Herzen daf\u00fcr ein, dass jedes Tier die bestm\u00f6gliche Unterst\u00fctzung bekommt, die es verdient. Dabei gehen wir stets verantwortungsvoll und vertrauensvoll mit den Informationen um, die uns anvertraut werden. Denn letztlich sind es die Tiere, die unsere Welt bereichern \u2013 und jedes Leben, das in ihnen schlummert, ist wertvoll und verdient es, in einer Umgebung zu leben, die ihm gerecht wird.<\/p>\n\n\n\n<p>Wir handeln aus einer tiefen Leidenschaft f\u00fcr das Wohl der Tiere und tun alles, um sicherzustellen, dass sie in einer Welt leben, die sie achtet, sch\u00fctzt und ihnen den Raum zur Entfaltung gibt, den sie brauchen.<\/p>\n\n\n\n<figure class=\"wp-block-image size-large\"><img loading=\"lazy\" decoding=\"async\" width=\"1024\" height=\"768\" src=\"https:\/\/kleintiernothilfe.de\/wp-content\/uploads\/2025\/11\/481949797_996227352650828_2041235580517148735_n-1024x768.jpg\" alt=\"\" class=\"wp-image-198\" srcset=\"https:\/\/kleintiernothilfe.de\/wp-content\/uploads\/2025\/11\/481949797_996227352650828_2041235580517148735_n-1024x768.jpg 1024w, https:\/\/kleintiernothilfe.de\/wp-content\/uploads\/2025\/11\/481949797_996227352650828_2041235580517148735_n-300x225.jpg 300w, https:\/\/kleintiernothilfe.de\/wp-content\/uploads\/2025\/11\/481949797_996227352650828_2041235580517148735_n-768x576.jpg 768w, https:\/\/kleintiernothilfe.de\/wp-content\/uploads\/2025\/11\/481949797_996227352650828_2041235580517148735_n-1536x1152.jpg 1536w, https:\/\/kleintiernothilfe.de\/wp-content\/uploads\/2025\/11\/481949797_996227352650828_2041235580517148735_n.jpg 2048w\" sizes=\"auto, (max-width: 767px) 89vw, (max-width: 1000px) 54vw, (max-width: 1071px) 543px, 580px\" \/><\/figure>\n\n\n\n<figure class=\"wp-block-image size-large\"><img loading=\"lazy\" decoding=\"async\" width=\"1024\" height=\"768\" src=\"https:\/\/kleintiernothilfe.de\/wp-content\/uploads\/2025\/11\/484096026_1006909831582580_7464121992240673893_n-1024x768.jpg\" alt=\"\" class=\"wp-image-199\" srcset=\"https:\/\/kleintiernothilfe.de\/wp-content\/uploads\/2025\/11\/484096026_1006909831582580_7464121992240673893_n-1024x768.jpg 1024w, https:\/\/kleintiernothilfe.de\/wp-content\/uploads\/2025\/11\/484096026_1006909831582580_7464121992240673893_n-300x225.jpg 300w, https:\/\/kleintiernothilfe.de\/wp-content\/uploads\/2025\/11\/484096026_1006909831582580_7464121992240673893_n-768x576.jpg 768w, https:\/\/kleintiernothilfe.de\/wp-content\/uploads\/2025\/11\/484096026_1006909831582580_7464121992240673893_n-1536x1152.jpg 1536w, https:\/\/kleintiernothilfe.de\/wp-content\/uploads\/2025\/11\/484096026_1006909831582580_7464121992240673893_n.jpg 2048w\" sizes=\"auto, (max-width: 767px) 89vw, (max-width: 1000px) 54vw, (max-width: 1071px) 543px, 580px\" \/><\/figure>\n\n\n\n<figure class=\"wp-block-image size-large\"><img loading=\"lazy\" decoding=\"async\" width=\"768\" height=\"1024\" src=\"https:\/\/kleintiernothilfe.de\/wp-content\/uploads\/2025\/11\/484472633_1008545058085724_3761490514938630765_n-768x1024.jpg\" alt=\"\" class=\"wp-image-200\" srcset=\"https:\/\/kleintiernothilfe.de\/wp-content\/uploads\/2025\/11\/484472633_1008545058085724_3761490514938630765_n-768x1024.jpg 768w, https:\/\/kleintiernothilfe.de\/wp-content\/uploads\/2025\/11\/484472633_1008545058085724_3761490514938630765_n-225x300.jpg 225w, https:\/\/kleintiernothilfe.de\/wp-content\/uploads\/2025\/11\/484472633_1008545058085724_3761490514938630765_n-1152x1536.jpg 1152w, https:\/\/kleintiernothilfe.de\/wp-content\/uploads\/2025\/11\/484472633_1008545058085724_3761490514938630765_n.jpg 1536w\" sizes=\"auto, (max-width: 767px) 89vw, (max-width: 1000px) 54vw, (max-width: 1071px) 543px, 580px\" \/><\/figure>\n\n\n\n<figure class=\"wp-block-image size-large\"><img loading=\"lazy\" decoding=\"async\" width=\"768\" height=\"1024\" src=\"https:\/\/kleintiernothilfe.de\/wp-content\/uploads\/2025\/11\/486076049_1013735444233352_1368219227488400303_n-768x1024.jpg\" alt=\"\" class=\"wp-image-201\" srcset=\"https:\/\/kleintiernothilfe.de\/wp-content\/uploads\/2025\/11\/486076049_1013735444233352_1368219227488400303_n-768x1024.jpg 768w, https:\/\/kleintiernothilfe.de\/wp-content\/uploads\/2025\/11\/486076049_1013735444233352_1368219227488400303_n-225x300.jpg 225w, https:\/\/kleintiernothilfe.de\/wp-content\/uploads\/2025\/11\/486076049_1013735444233352_1368219227488400303_n-1152x1536.jpg 1152w, https:\/\/kleintiernothilfe.de\/wp-content\/uploads\/2025\/11\/486076049_1013735444233352_1368219227488400303_n.jpg 1200w\" sizes=\"auto, (max-width: 767px) 89vw, (max-width: 1000px) 54vw, (max-width: 1071px) 543px, 580px\" \/><\/figure>\n\n\n\n<figure class=\"wp-block-image size-large\"><img loading=\"lazy\" decoding=\"async\" width=\"1024\" height=\"614\" src=\"https:\/\/kleintiernothilfe.de\/wp-content\/uploads\/2025\/11\/482344935_1003039268636303_290384357291852201_n-1024x614.jpg\" alt=\"\" class=\"wp-image-202\" srcset=\"https:\/\/kleintiernothilfe.de\/wp-content\/uploads\/2025\/11\/482344935_1003039268636303_290384357291852201_n-1024x614.jpg 1024w, https:\/\/kleintiernothilfe.de\/wp-content\/uploads\/2025\/11\/482344935_1003039268636303_290384357291852201_n-300x180.jpg 300w, https:\/\/kleintiernothilfe.de\/wp-content\/uploads\/2025\/11\/482344935_1003039268636303_290384357291852201_n-768x461.jpg 768w, https:\/\/kleintiernothilfe.de\/wp-content\/uploads\/2025\/11\/482344935_1003039268636303_290384357291852201_n.jpg 1080w\" sizes=\"auto, (max-width: 767px) 89vw, (max-width: 1000px) 54vw, (max-width: 1071px) 543px, 580px\" \/><\/figure>\n\n\n\n<figure class=\"wp-block-image size-large\"><img loading=\"lazy\" decoding=\"async\" width=\"768\" height=\"1024\" src=\"https:\/\/kleintiernothilfe.de\/wp-content\/uploads\/2025\/11\/486598929_1016300280643535_6890890924014457039_n-768x1024.jpg\" alt=\"\" class=\"wp-image-203\" srcset=\"https:\/\/kleintiernothilfe.de\/wp-content\/uploads\/2025\/11\/486598929_1016300280643535_6890890924014457039_n-768x1024.jpg 768w, https:\/\/kleintiernothilfe.de\/wp-content\/uploads\/2025\/11\/486598929_1016300280643535_6890890924014457039_n-225x300.jpg 225w, https:\/\/kleintiernothilfe.de\/wp-content\/uploads\/2025\/11\/486598929_1016300280643535_6890890924014457039_n-1152x1536.jpg 1152w, https:\/\/kleintiernothilfe.de\/wp-content\/uploads\/2025\/11\/486598929_1016300280643535_6890890924014457039_n.jpg 1200w\" sizes=\"auto, (max-width: 767px) 89vw, (max-width: 1000px) 54vw, (max-width: 1071px) 543px, 580px\" \/><\/figure>\n\n\n\n<figure class=\"wp-block-image size-full\"><img loading=\"lazy\" decoding=\"async\" width=\"795\" height=\"852\" src=\"https:\/\/kleintiernothilfe.de\/wp-content\/uploads\/2025\/11\/494718328_1048669930739903_5777199233989832363_n.jpg\" alt=\"\" class=\"wp-image-204\" srcset=\"https:\/\/kleintiernothilfe.de\/wp-content\/uploads\/2025\/11\/494718328_1048669930739903_5777199233989832363_n.jpg 795w, https:\/\/kleintiernothilfe.de\/wp-content\/uploads\/2025\/11\/494718328_1048669930739903_5777199233989832363_n-280x300.jpg 280w, https:\/\/kleintiernothilfe.de\/wp-content\/uploads\/2025\/11\/494718328_1048669930739903_5777199233989832363_n-768x823.jpg 768w\" sizes=\"auto, (max-width: 767px) 89vw, (max-width: 1000px) 54vw, (max-width: 1071px) 543px, 580px\" \/><\/figure>\n\n\n\n<figure class=\"wp-block-image size-large\"><img loading=\"lazy\" decoding=\"async\" width=\"1024\" height=\"768\" src=\"https:\/\/kleintiernothilfe.de\/wp-content\/uploads\/2025\/11\/494948782_1048675197406043_3424926310742542884_n-1024x768.jpg\" alt=\"\" class=\"wp-image-205\" srcset=\"https:\/\/kleintiernothilfe.de\/wp-content\/uploads\/2025\/11\/494948782_1048675197406043_3424926310742542884_n-1024x768.jpg 1024w, https:\/\/kleintiernothilfe.de\/wp-content\/uploads\/2025\/11\/494948782_1048675197406043_3424926310742542884_n-300x225.jpg 300w, https:\/\/kleintiernothilfe.de\/wp-content\/uploads\/2025\/11\/494948782_1048675197406043_3424926310742542884_n-768x576.jpg 768w, https:\/\/kleintiernothilfe.de\/wp-content\/uploads\/2025\/11\/494948782_1048675197406043_3424926310742542884_n-1536x1152.jpg 1536w, https:\/\/kleintiernothilfe.de\/wp-content\/uploads\/2025\/11\/494948782_1048675197406043_3424926310742542884_n.jpg 2048w\" sizes=\"auto, (max-width: 767px) 89vw, (max-width: 1000px) 54vw, (max-width: 1071px) 543px, 580px\" \/><\/figure>\n\n\n\n<figure class=\"wp-block-image size-large\"><img loading=\"lazy\" decoding=\"async\" width=\"990\" height=\"1024\" src=\"https:\/\/kleintiernothilfe.de\/wp-content\/uploads\/2025\/11\/494806246_1048674510739445_1990521748348610069_n-990x1024.jpg\" alt=\"\" class=\"wp-image-206\" srcset=\"https:\/\/kleintiernothilfe.de\/wp-content\/uploads\/2025\/11\/494806246_1048674510739445_1990521748348610069_n-990x1024.jpg 990w, https:\/\/kleintiernothilfe.de\/wp-content\/uploads\/2025\/11\/494806246_1048674510739445_1990521748348610069_n-290x300.jpg 290w, https:\/\/kleintiernothilfe.de\/wp-content\/uploads\/2025\/11\/494806246_1048674510739445_1990521748348610069_n-768x794.jpg 768w, https:\/\/kleintiernothilfe.de\/wp-content\/uploads\/2025\/11\/494806246_1048674510739445_1990521748348610069_n.jpg 1080w\" sizes=\"auto, (max-width: 767px) 89vw, (max-width: 1000px) 54vw, (max-width: 1071px) 543px, 580px\" \/><\/figure>\n","protected":false},"excerpt":{"rendered":"<p>Unsere Haltung zur Landwirtschaft, Jagd und Zucht Wir vertreten eine neutrale Haltung gegen\u00fcber der Landwirtschaft, der Jagd und der Zucht. Auch wenn wir nicht immer mit allen Praktiken dieser Bereiche einverstanden sind, ist es uns wichtig, einen respektvollen und toleranten Umgang zu pflegen. Jeder Mensch, der in diesen Bereichen t\u00e4tig ist, verdient unseren respektvollen Dialog, &hellip; <\/p>\n<p class=\"link-more\"><a href=\"https:\/\/kleintiernothilfe.de\/?page_id=23\" class=\"more-link\"><span class=\"screen-reader-text\">\u201eUnsere Grunds\u00e4tze\u201c <\/span>weiterlesen<\/a><\/p>\n","protected":false},"author":1,"featured_media":0,"parent":0,"menu_order":0,"comment_status":"closed","ping_status":"closed","template":"","meta":{"footnotes":""},"class_list":["post-23","page","type-page","status-publish","hentry"],"_links":{"self":[{"href":"https:\/\/kleintiernothilfe.de\/index.php?rest_route=\/wp\/v2\/pages\/23","targetHints":{"allow":["GET"]}}],"collection":[{"href":"https:\/\/kleintiernothilfe.de\/index.php?rest_route=\/wp\/v2\/pages"}],"about":[{"href":"https:\/\/kleintiernothilfe.de\/index.php?rest_route=\/wp\/v2\/types\/page"}],"author":[{"embeddable":true,"href":"https:\/\/kleintiernothilfe.de\/index.php?rest_route=\/wp\/v2\/users\/1"}],"replies":[{"embeddable":true,"href":"https:\/\/kleintiernothilfe.de\/index.php?rest_route=%2Fwp%2Fv2%2Fcomments&post=23"}],"version-history":[{"count":3,"href":"https:\/\/kleintiernothilfe.de\/index.php?rest_route=\/wp\/v2\/pages\/23\/revisions"}],"predecessor-version":[{"id":207,"href":"https:\/\/kleintiernothilfe.de\/index.php?rest_route=\/wp\/v2\/pages\/23\/revisions\/207"}],"wp:attachment":[{"href":"https:\/\/kleintiernothilfe.de\/index.php?rest_route=%2Fwp%2Fv2%2Fmedia&parent=23"}],"curies":[{"name":"wp","href":"https:\/\/api.w.org\/{rel}","templated":true}]}}