{"id":225,"date":"2025-11-24T13:11:06","date_gmt":"2025-11-24T13:11:06","guid":{"rendered":"https:\/\/kleintiernothilfe.de\/?page_id=225"},"modified":"2025-11-24T13:16:26","modified_gmt":"2025-11-24T13:16:26","slug":"medizische-versorgung-unserer-schuetzlinge","status":"publish","type":"page","link":"https:\/\/kleintiernothilfe.de\/?page_id=225","title":{"rendered":"Medizinische Versorgung unserer Sch\u00fctzlinge"},"content":{"rendered":"\n<p><strong><em>Unsere Tier\u00e4rzte \u2013 Sicherheit und F\u00fcrsorge f\u00fcr jedes Tier<\/em><\/strong><\/p>\n\n\n\n<p>Hinter jeder erfolgreichen Aufzucht, jeder Handaufzucht und jedem geretteten Tier stehen kompetente Tier\u00e4rzte, die mit Herz, Wissen und Erfahrung an unserer Seite wirken.<\/p>\n\n\n\n<p>Bei uns bekommt kein Tier nur medizinische Versorgung \u2013 es bekommt Zuwendung, Aufmerksamkeit und die beste Chance auf Heilung.<\/p>\n\n\n\n<p>Wir arbeiten eng mit drei erfahrenen Stationstier\u00e4rzten zusammen:<\/p>\n\n\n\n<p>Tier\u00e4rztin in Weimar \u2013 unsere Spezialistin f\u00fcr Heimtiere. Kaninchen, Chinchillas und V\u00f6gel liegen in ihren H\u00e4nden, sie kennt ihre Eigenheiten und Bed\u00fcrfnisse bis ins kleinste Detail.<\/p>\n\n\n\n<p>Tierarzt in Erfurt \u2013 unser chirurgischer Experte. Er \u00fcbernimmt Operationen, seltene Intensivnotf\u00e4lle und au\u00dfergew\u00f6hnliche Krankheitsbilder, wenn schnelle und pr\u00e4zise Eingriffe gefragt sind.<\/p>\n\n\n\n<p>Stationstierarzt in S\u00f6mmerda \u2013 zust\u00e4ndig f\u00fcr Impfungen, prophylaktische Behandlungen und die Betreuung unserer Gro\u00dftiere. Er sorgt daf\u00fcr, dass jeder Sch\u00fctzling vorbeugend bestens versorgt ist.<\/p>\n\n\n\n<p>Dar\u00fcber hinaus arbeiten wir mit spezialisierten Kliniken zusammen, um die bestm\u00f6gliche medizinische Versorgung sicherzustellen:<\/p>\n\n\n\n<p>Klauentierklinik Leipzig \u2013 die universit\u00e4re Anlaufstelle f\u00fcr komplexe Diagnosen und intensive medizinische Betreuung.<\/p>\n\n\n\n<p>Tierklinik Panitsch \u2013 gew\u00e4hrleistet eine 24-Stunden-Versorgung f\u00fcr unsere Tiere bei dringenden medizinischen Bed\u00fcrfnissen.<\/p>\n\n\n\n<p>F\u00fcr den Alltag und Notf\u00e4lle verf\u00fcgen wir \u00fcber hauseigene Mittel, die wir in Absprache mit unserem Tier\u00e4rzteteam einsetzen k\u00f6nnen:<\/p>\n\n\n\n<p>Infusionen, Notfallbehandlungen, Schmerzlinderung \u2013 alles, um unseren Sch\u00fctzlingen schnelle Hilfe und Sicherheit zu bieten.<\/p>\n\n\n\n<p>\u2014<\/p>\n\n\n\n<p>Bei uns verbindet sich medizinische Expertise mit tiefem Tierwohl, sodass kein Tier je allein gelassen wird und immer die bestm\u00f6gliche Versorgung erh\u00e4lt.<\/p>\n\n\n\n<p>Denn jedes Leben z\u00e4hlt \u2013 und jedes Leben verdient, dass es umsorgt und gesch\u00fctzt wird.<\/p>\n\n\n\n<figure class=\"wp-block-image\"><img loading=\"lazy\" decoding=\"async\" width=\"768\" height=\"1024\" src=\"https:\/\/kleintiernothilfe.de\/wp-content\/uploads\/2025\/11\/IMG_20250817_085922_BURST001_COVER-768x1024.jpg\" alt=\"\" class=\"wp-image-111\" srcset=\"https:\/\/kleintiernothilfe.de\/wp-content\/uploads\/2025\/11\/IMG_20250817_085922_BURST001_COVER-768x1024.jpg 768w, https:\/\/kleintiernothilfe.de\/wp-content\/uploads\/2025\/11\/IMG_20250817_085922_BURST001_COVER-225x300.jpg 225w, https:\/\/kleintiernothilfe.de\/wp-content\/uploads\/2025\/11\/IMG_20250817_085922_BURST001_COVER-1152x1536.jpg 1152w, https:\/\/kleintiernothilfe.de\/wp-content\/uploads\/2025\/11\/IMG_20250817_085922_BURST001_COVER-1536x2048.jpg 1536w, https:\/\/kleintiernothilfe.de\/wp-content\/uploads\/2025\/11\/IMG_20250817_085922_BURST001_COVER-scaled.jpg 1920w\" sizes=\"auto, (max-width: 767px) 89vw, (max-width: 1000px) 54vw, (max-width: 1071px) 543px, 580px\" \/><\/figure>\n\n\n\n<figure class=\"wp-block-image\"><img loading=\"lazy\" decoding=\"async\" width=\"994\" height=\"659\" src=\"https:\/\/kleintiernothilfe.de\/wp-content\/uploads\/2025\/11\/Screenshot_20250430_171210_com_facebook_katana_ImmersiveActivity-1.jpg\" alt=\"\" class=\"wp-image-112\" srcset=\"https:\/\/kleintiernothilfe.de\/wp-content\/uploads\/2025\/11\/Screenshot_20250430_171210_com_facebook_katana_ImmersiveActivity-1.jpg 994w, https:\/\/kleintiernothilfe.de\/wp-content\/uploads\/2025\/11\/Screenshot_20250430_171210_com_facebook_katana_ImmersiveActivity-1-300x199.jpg 300w, https:\/\/kleintiernothilfe.de\/wp-content\/uploads\/2025\/11\/Screenshot_20250430_171210_com_facebook_katana_ImmersiveActivity-1-768x509.jpg 768w\" sizes=\"auto, (max-width: 767px) 89vw, (max-width: 1000px) 54vw, (max-width: 1071px) 543px, 580px\" \/><\/figure>\n\n\n\n<figure class=\"wp-block-image\"><img loading=\"lazy\" decoding=\"async\" width=\"1024\" height=\"623\" src=\"https:\/\/kleintiernothilfe.de\/wp-content\/uploads\/2025\/11\/IMG_20250312_225923-1024x623.jpg\" alt=\"\" class=\"wp-image-114\" srcset=\"https:\/\/kleintiernothilfe.de\/wp-content\/uploads\/2025\/11\/IMG_20250312_225923-1024x623.jpg 1024w, https:\/\/kleintiernothilfe.de\/wp-content\/uploads\/2025\/11\/IMG_20250312_225923-300x182.jpg 300w, https:\/\/kleintiernothilfe.de\/wp-content\/uploads\/2025\/11\/IMG_20250312_225923-768x467.jpg 768w, https:\/\/kleintiernothilfe.de\/wp-content\/uploads\/2025\/11\/IMG_20250312_225923-1536x934.jpg 1536w, https:\/\/kleintiernothilfe.de\/wp-content\/uploads\/2025\/11\/IMG_20250312_225923-2048x1245.jpg 2048w\" sizes=\"auto, (max-width: 767px) 89vw, (max-width: 1000px) 54vw, (max-width: 1071px) 543px, 580px\" \/><\/figure>\n\n\n\n<figure class=\"wp-block-image\"><img loading=\"lazy\" decoding=\"async\" width=\"1024\" height=\"810\" src=\"https:\/\/kleintiernothilfe.de\/wp-content\/uploads\/2025\/11\/IMG_20250927_214950-1024x810.jpg\" alt=\"\" class=\"wp-image-116\" srcset=\"https:\/\/kleintiernothilfe.de\/wp-content\/uploads\/2025\/11\/IMG_20250927_214950-1024x810.jpg 1024w, https:\/\/kleintiernothilfe.de\/wp-content\/uploads\/2025\/11\/IMG_20250927_214950-300x237.jpg 300w, https:\/\/kleintiernothilfe.de\/wp-content\/uploads\/2025\/11\/IMG_20250927_214950-768x608.jpg 768w, https:\/\/kleintiernothilfe.de\/wp-content\/uploads\/2025\/11\/IMG_20250927_214950-1536x1215.jpg 1536w, https:\/\/kleintiernothilfe.de\/wp-content\/uploads\/2025\/11\/IMG_20250927_214950-2048x1620.jpg 2048w\" sizes=\"auto, (max-width: 767px) 89vw, (max-width: 1000px) 54vw, (max-width: 1071px) 543px, 580px\" \/><\/figure>\n\n\n\n<figure class=\"wp-block-image\"><img loading=\"lazy\" decoding=\"async\" width=\"749\" height=\"1024\" src=\"https:\/\/kleintiernothilfe.de\/wp-content\/uploads\/2025\/11\/Screenshot_20250430_191322_com_facebook_katana_ImmersiveActivity-1-749x1024.jpg\" alt=\"\" class=\"wp-image-117\" srcset=\"https:\/\/kleintiernothilfe.de\/wp-content\/uploads\/2025\/11\/Screenshot_20250430_191322_com_facebook_katana_ImmersiveActivity-1-749x1024.jpg 749w, https:\/\/kleintiernothilfe.de\/wp-content\/uploads\/2025\/11\/Screenshot_20250430_191322_com_facebook_katana_ImmersiveActivity-1-219x300.jpg 219w, https:\/\/kleintiernothilfe.de\/wp-content\/uploads\/2025\/11\/Screenshot_20250430_191322_com_facebook_katana_ImmersiveActivity-1-768x1050.jpg 768w, https:\/\/kleintiernothilfe.de\/wp-content\/uploads\/2025\/11\/Screenshot_20250430_191322_com_facebook_katana_ImmersiveActivity-1.jpg 1017w\" sizes=\"auto, (max-width: 706px) 89vw, (max-width: 767px) 82vw, 740px\" \/><\/figure>\n","protected":false},"excerpt":{"rendered":"<p>Unsere Tier\u00e4rzte \u2013 Sicherheit und F\u00fcrsorge f\u00fcr jedes Tier Hinter jeder erfolgreichen Aufzucht, jeder Handaufzucht und jedem geretteten Tier stehen kompetente Tier\u00e4rzte, die mit Herz, Wissen und Erfahrung an unserer Seite wirken. Bei uns bekommt kein Tier nur medizinische Versorgung \u2013 es bekommt Zuwendung, Aufmerksamkeit und die beste Chance auf Heilung. Wir arbeiten eng mit &hellip; <\/p>\n<p class=\"link-more\"><a href=\"https:\/\/kleintiernothilfe.de\/?page_id=225\" class=\"more-link\"><span class=\"screen-reader-text\">\u201eMedizinische Versorgung unserer Sch\u00fctzlinge\u201c <\/span>weiterlesen<\/a><\/p>\n","protected":false},"author":1,"featured_media":0,"parent":0,"menu_order":0,"comment_status":"closed","ping_status":"closed","template":"","meta":{"footnotes":""},"class_list":["post-225","page","type-page","status-publish","hentry"],"_links":{"self":[{"href":"https:\/\/kleintiernothilfe.de\/index.php?rest_route=\/wp\/v2\/pages\/225","targetHints":{"allow":["GET"]}}],"collection":[{"href":"https:\/\/kleintiernothilfe.de\/index.php?rest_route=\/wp\/v2\/pages"}],"about":[{"href":"https:\/\/kleintiernothilfe.de\/index.php?rest_route=\/wp\/v2\/types\/page"}],"author":[{"embeddable":true,"href":"https:\/\/kleintiernothilfe.de\/index.php?rest_route=\/wp\/v2\/users\/1"}],"replies":[{"embeddable":true,"href":"https:\/\/kleintiernothilfe.de\/index.php?rest_route=%2Fwp%2Fv2%2Fcomments&post=225"}],"version-history":[{"count":2,"href":"https:\/\/kleintiernothilfe.de\/index.php?rest_route=\/wp\/v2\/pages\/225\/revisions"}],"predecessor-version":[{"id":228,"href":"https:\/\/kleintiernothilfe.de\/index.php?rest_route=\/wp\/v2\/pages\/225\/revisions\/228"}],"wp:attachment":[{"href":"https:\/\/kleintiernothilfe.de\/index.php?rest_route=%2Fwp%2Fv2%2Fmedia&parent=225"}],"curies":[{"name":"wp","href":"https:\/\/api.w.org\/{rel}","templated":true}]}}