{"id":21,"date":"2022-05-01T16:42:52","date_gmt":"2022-05-01T16:42:52","guid":{"rendered":"https:\/\/kleintiernothilfe.de\/?page_id=21"},"modified":"2025-11-23T17:58:43","modified_gmt":"2025-11-23T17:58:43","slug":"im-neuen-zuhause","status":"publish","type":"page","link":"https:\/\/kleintiernothilfe.de\/?page_id=21","title":{"rendered":"Geschichten die uns ver\u00e4ndert haben"},"content":{"rendered":"\n<p><\/p>\n\n\n\n<p><\/p>\n\n\n\n<figure class=\"wp-block-image size-large is-resized\"><img loading=\"lazy\" decoding=\"async\" width=\"1024\" height=\"768\" src=\"https:\/\/kleintiernothilfe.de\/wp-content\/uploads\/2025\/11\/480869195_992824202991143_3791580840079749163_n-1024x768.jpg\" alt=\"\" class=\"wp-image-153\" style=\"width:525px;height:auto\" srcset=\"https:\/\/kleintiernothilfe.de\/wp-content\/uploads\/2025\/11\/480869195_992824202991143_3791580840079749163_n-1024x768.jpg 1024w, https:\/\/kleintiernothilfe.de\/wp-content\/uploads\/2025\/11\/480869195_992824202991143_3791580840079749163_n-300x225.jpg 300w, https:\/\/kleintiernothilfe.de\/wp-content\/uploads\/2025\/11\/480869195_992824202991143_3791580840079749163_n-768x576.jpg 768w, https:\/\/kleintiernothilfe.de\/wp-content\/uploads\/2025\/11\/480869195_992824202991143_3791580840079749163_n-1536x1152.jpg 1536w, https:\/\/kleintiernothilfe.de\/wp-content\/uploads\/2025\/11\/480869195_992824202991143_3791580840079749163_n.jpg 2048w\" sizes=\"auto, (max-width: 767px) 89vw, (max-width: 1000px) 54vw, (max-width: 1071px) 543px, 580px\" \/><\/figure>\n\n\n\n<p>Sturzgeburt im Auto mit Reanimation des ersten Kittens (wei\u00df)<\/p>\n\n\n\n<p><\/p>\n\n\n\n<figure class=\"wp-block-image size-large is-resized\"><img loading=\"lazy\" decoding=\"async\" width=\"1024\" height=\"576\" src=\"https:\/\/kleintiernothilfe.de\/wp-content\/uploads\/2025\/11\/476108009_981554327451464_8469242724388939406_n-1024x576.jpg\" alt=\"\" class=\"wp-image-154\" style=\"width:525px;height:auto\" srcset=\"https:\/\/kleintiernothilfe.de\/wp-content\/uploads\/2025\/11\/476108009_981554327451464_8469242724388939406_n-1024x576.jpg 1024w, https:\/\/kleintiernothilfe.de\/wp-content\/uploads\/2025\/11\/476108009_981554327451464_8469242724388939406_n-300x169.jpg 300w, https:\/\/kleintiernothilfe.de\/wp-content\/uploads\/2025\/11\/476108009_981554327451464_8469242724388939406_n-768x432.jpg 768w, https:\/\/kleintiernothilfe.de\/wp-content\/uploads\/2025\/11\/476108009_981554327451464_8469242724388939406_n-1536x864.jpg 1536w, https:\/\/kleintiernothilfe.de\/wp-content\/uploads\/2025\/11\/476108009_981554327451464_8469242724388939406_n.jpg 2048w\" sizes=\"auto, (max-width: 767px) 89vw, (max-width: 1000px) 54vw, (max-width: 1071px) 543px, 580px\" \/><\/figure>\n\n\n\n<p>Fast verhungerte Katzenwelpen die nach 4 Tagen mit unter 100g gefunden wurden, dabei m\u00fcssen sie mindesten 8 Tage alt gewesen sein.<\/p>\n\n\n\n<figure class=\"wp-block-image size-large is-resized\"><img loading=\"lazy\" decoding=\"async\" width=\"1024\" height=\"768\" src=\"https:\/\/kleintiernothilfe.de\/wp-content\/uploads\/2025\/11\/476088418_981554310784799_952084600172659646_n-1024x768.jpg\" alt=\"\" class=\"wp-image-155\" style=\"width:528px;height:auto\" srcset=\"https:\/\/kleintiernothilfe.de\/wp-content\/uploads\/2025\/11\/476088418_981554310784799_952084600172659646_n-1024x768.jpg 1024w, https:\/\/kleintiernothilfe.de\/wp-content\/uploads\/2025\/11\/476088418_981554310784799_952084600172659646_n-300x225.jpg 300w, https:\/\/kleintiernothilfe.de\/wp-content\/uploads\/2025\/11\/476088418_981554310784799_952084600172659646_n-768x576.jpg 768w, https:\/\/kleintiernothilfe.de\/wp-content\/uploads\/2025\/11\/476088418_981554310784799_952084600172659646_n-1536x1152.jpg 1536w, https:\/\/kleintiernothilfe.de\/wp-content\/uploads\/2025\/11\/476088418_981554310784799_952084600172659646_n.jpg 2048w\" sizes=\"auto, (max-width: 767px) 89vw, (max-width: 1000px) 54vw, (max-width: 1071px) 543px, 580px\" \/><\/figure>\n\n\n\n<p>Viele schlaflose N\u00e4chte: Denn Gido hatte ab der  3 Woche nicht nur eine ausgepr\u00e4gte Mangelern\u00e4hrung, sondern in laufe seines langen Kampfes verlor er ein Bein (Genfehler),  hatte 3 mal eine Sepsis und Endoparasiten.<\/p>\n\n\n\n<figure class=\"wp-block-image size-large is-resized\"><img loading=\"lazy\" decoding=\"async\" width=\"768\" height=\"1024\" src=\"https:\/\/kleintiernothilfe.de\/wp-content\/uploads\/2025\/11\/482191496_1005382261735337_6596812693570354465_n-768x1024.jpg\" alt=\"\" class=\"wp-image-156\" style=\"width:462px;height:auto\" srcset=\"https:\/\/kleintiernothilfe.de\/wp-content\/uploads\/2025\/11\/482191496_1005382261735337_6596812693570354465_n-768x1024.jpg 768w, https:\/\/kleintiernothilfe.de\/wp-content\/uploads\/2025\/11\/482191496_1005382261735337_6596812693570354465_n-225x300.jpg 225w, https:\/\/kleintiernothilfe.de\/wp-content\/uploads\/2025\/11\/482191496_1005382261735337_6596812693570354465_n-1152x1536.jpg 1152w, https:\/\/kleintiernothilfe.de\/wp-content\/uploads\/2025\/11\/482191496_1005382261735337_6596812693570354465_n.jpg 1536w\" sizes=\"auto, (max-width: 767px) 89vw, (max-width: 1000px) 54vw, (max-width: 1071px) 543px, 580px\" \/><\/figure>\n\n\n\n<p>Mein erster Notkaiserschnitt eines Kaninchesn wo  die Welpen gleichzeitig im geburtskanal stecken blieben und manuell (von mir) zur\u00fcck geschoben werden mussten, damit ein Kaiserschnitt \u00fcerhaupt m\u00f6glich war.<\/p>\n\n\n\n<figure class=\"wp-block-image size-large is-resized\"><img loading=\"lazy\" decoding=\"async\" width=\"565\" height=\"1024\" src=\"https:\/\/kleintiernothilfe.de\/wp-content\/uploads\/2025\/11\/482202011_1003039071969656_6249493689748943402_n-565x1024.jpg\" alt=\"\" class=\"wp-image-157\" style=\"width:393px;height:auto\" srcset=\"https:\/\/kleintiernothilfe.de\/wp-content\/uploads\/2025\/11\/482202011_1003039071969656_6249493689748943402_n-565x1024.jpg 565w, https:\/\/kleintiernothilfe.de\/wp-content\/uploads\/2025\/11\/482202011_1003039071969656_6249493689748943402_n-166x300.jpg 166w, https:\/\/kleintiernothilfe.de\/wp-content\/uploads\/2025\/11\/482202011_1003039071969656_6249493689748943402_n.jpg 670w\" sizes=\"auto, (max-width: 565px) 100vw, 565px\" \/><\/figure>\n\n\n\n<p>Eine Resorptionsst\u00f6rung, wo eine Fehlgeburt augel\u00f6st wurde udn der Kaninchenwelpe vollst\u00e4dig erhalten blieb. H\u00e4ufig werden diese gefressen.<\/p>\n\n\n\n<figure class=\"wp-block-image size-large is-resized\"><img loading=\"lazy\" decoding=\"async\" width=\"768\" height=\"1024\" src=\"https:\/\/kleintiernothilfe.de\/wp-content\/uploads\/2025\/11\/482960053_1006085238331706_4378489219894546956_n-768x1024.jpg\" alt=\"\" class=\"wp-image-158\" style=\"width:449px;height:auto\" srcset=\"https:\/\/kleintiernothilfe.de\/wp-content\/uploads\/2025\/11\/482960053_1006085238331706_4378489219894546956_n-768x1024.jpg 768w, https:\/\/kleintiernothilfe.de\/wp-content\/uploads\/2025\/11\/482960053_1006085238331706_4378489219894546956_n-225x300.jpg 225w, https:\/\/kleintiernothilfe.de\/wp-content\/uploads\/2025\/11\/482960053_1006085238331706_4378489219894546956_n-1152x1536.jpg 1152w, https:\/\/kleintiernothilfe.de\/wp-content\/uploads\/2025\/11\/482960053_1006085238331706_4378489219894546956_n.jpg 1536w\" sizes=\"auto, (max-width: 767px) 89vw, (max-width: 1000px) 54vw, (max-width: 1071px) 543px, 580px\" \/><\/figure>\n\n\n\n<p>Schlimme Kopfverletzung eines Kaninchenwelpen, durch eine massive Bissverletzung . Ursache hierf\u00fcr war ein Nistplatzmangel und Stress.<\/p>\n\n\n\n<figure class=\"wp-block-image size-large is-resized\"><img loading=\"lazy\" decoding=\"async\" width=\"768\" height=\"1024\" src=\"https:\/\/kleintiernothilfe.de\/wp-content\/uploads\/2025\/11\/476612415_981554707451426_5701709686536405783_n-768x1024.jpg\" alt=\"\" class=\"wp-image-159\" style=\"width:476px;height:auto\" srcset=\"https:\/\/kleintiernothilfe.de\/wp-content\/uploads\/2025\/11\/476612415_981554707451426_5701709686536405783_n-768x1024.jpg 768w, https:\/\/kleintiernothilfe.de\/wp-content\/uploads\/2025\/11\/476612415_981554707451426_5701709686536405783_n-225x300.jpg 225w, https:\/\/kleintiernothilfe.de\/wp-content\/uploads\/2025\/11\/476612415_981554707451426_5701709686536405783_n-1152x1536.jpg 1152w, https:\/\/kleintiernothilfe.de\/wp-content\/uploads\/2025\/11\/476612415_981554707451426_5701709686536405783_n.jpg 1200w\" sizes=\"auto, (max-width: 767px) 89vw, (max-width: 1000px) 54vw, (max-width: 1071px) 543px, 580px\" \/><\/figure>\n\n\n\n<p>Mein erstes Maxfaktor Kitten, welches bis auf eine Seheschw\u00e4che nichts zur\u00fcck behielt.<\/p>\n\n\n\n<figure class=\"wp-block-image size-large\"><img loading=\"lazy\" decoding=\"async\" width=\"1024\" height=\"768\" src=\"https:\/\/kleintiernothilfe.de\/wp-content\/uploads\/2025\/11\/493721373_1048685430738353_1823965808034803389_n-1-1024x768.jpg\" alt=\"\" class=\"wp-image-160\" srcset=\"https:\/\/kleintiernothilfe.de\/wp-content\/uploads\/2025\/11\/493721373_1048685430738353_1823965808034803389_n-1-1024x768.jpg 1024w, https:\/\/kleintiernothilfe.de\/wp-content\/uploads\/2025\/11\/493721373_1048685430738353_1823965808034803389_n-1-300x225.jpg 300w, https:\/\/kleintiernothilfe.de\/wp-content\/uploads\/2025\/11\/493721373_1048685430738353_1823965808034803389_n-1-768x576.jpg 768w, https:\/\/kleintiernothilfe.de\/wp-content\/uploads\/2025\/11\/493721373_1048685430738353_1823965808034803389_n-1-1536x1152.jpg 1536w, https:\/\/kleintiernothilfe.de\/wp-content\/uploads\/2025\/11\/493721373_1048685430738353_1823965808034803389_n-1.jpg 2048w\" sizes=\"auto, (max-width: 767px) 89vw, (max-width: 1000px) 54vw, (max-width: 1071px) 543px, 580px\" \/><\/figure>\n\n\n\n<p>Schwergeburt bei eine Subadulten Chincilla mit Lagekorrektur, leider \u00fcberlebte nur eines der Zwillinge. Der Tierarzt hatte es abgewiesen, weil dies wie bei einen Meerschweinchen sein soll, nur anders&#8230;<\/p>\n\n\n\n<figure class=\"wp-block-image size-large\"><img loading=\"lazy\" decoding=\"async\" width=\"1024\" height=\"610\" src=\"https:\/\/kleintiernothilfe.de\/wp-content\/uploads\/2025\/11\/485312973_1011867534420143_2267845208279834342_n-1024x610.jpg\" alt=\"\" class=\"wp-image-161\" srcset=\"https:\/\/kleintiernothilfe.de\/wp-content\/uploads\/2025\/11\/485312973_1011867534420143_2267845208279834342_n-1024x610.jpg 1024w, https:\/\/kleintiernothilfe.de\/wp-content\/uploads\/2025\/11\/485312973_1011867534420143_2267845208279834342_n-300x179.jpg 300w, https:\/\/kleintiernothilfe.de\/wp-content\/uploads\/2025\/11\/485312973_1011867534420143_2267845208279834342_n-768x457.jpg 768w, https:\/\/kleintiernothilfe.de\/wp-content\/uploads\/2025\/11\/485312973_1011867534420143_2267845208279834342_n-1536x915.jpg 1536w, https:\/\/kleintiernothilfe.de\/wp-content\/uploads\/2025\/11\/485312973_1011867534420143_2267845208279834342_n.jpg 1600w\" sizes=\"auto, (max-width: 767px) 89vw, (max-width: 1000px) 54vw, (max-width: 1071px) 543px, 580px\" \/><\/figure>\n\n\n\n<p>Unsere erste Gaumenspalte die nicht vor Aufzucht entsorgt wurde. Der Kleine wog zum Start nicht mal die H\u00e4lfte, des Normalgewichtes.<\/p>\n\n\n\n<figure class=\"wp-block-image size-large\"><img loading=\"lazy\" decoding=\"async\" width=\"576\" height=\"1024\" src=\"https:\/\/kleintiernothilfe.de\/wp-content\/uploads\/2025\/11\/485353842_1011867154420181_4288880810736183914_n-576x1024.jpg\" alt=\"\" class=\"wp-image-162\" srcset=\"https:\/\/kleintiernothilfe.de\/wp-content\/uploads\/2025\/11\/485353842_1011867154420181_4288880810736183914_n-576x1024.jpg 576w, https:\/\/kleintiernothilfe.de\/wp-content\/uploads\/2025\/11\/485353842_1011867154420181_4288880810736183914_n-169x300.jpg 169w, https:\/\/kleintiernothilfe.de\/wp-content\/uploads\/2025\/11\/485353842_1011867154420181_4288880810736183914_n-768x1365.jpg 768w, https:\/\/kleintiernothilfe.de\/wp-content\/uploads\/2025\/11\/485353842_1011867154420181_4288880810736183914_n-864x1536.jpg 864w, https:\/\/kleintiernothilfe.de\/wp-content\/uploads\/2025\/11\/485353842_1011867154420181_4288880810736183914_n.jpg 1152w\" sizes=\"auto, (max-width: 576px) 100vw, 576px\" \/><\/figure>\n\n\n\n<p>Hatchi nach einer kurzen aber schwerwiegenden Augeninfektion die ihm das Augenlicht kostetete.<\/p>\n\n\n\n<figure class=\"wp-block-image size-large\"><img loading=\"lazy\" decoding=\"async\" width=\"1024\" height=\"768\" src=\"https:\/\/kleintiernothilfe.de\/wp-content\/uploads\/2025\/11\/476612490_981554750784755_8520592426874103115_n-1024x768.jpg\" alt=\"\" class=\"wp-image-163\" srcset=\"https:\/\/kleintiernothilfe.de\/wp-content\/uploads\/2025\/11\/476612490_981554750784755_8520592426874103115_n-1024x768.jpg 1024w, https:\/\/kleintiernothilfe.de\/wp-content\/uploads\/2025\/11\/476612490_981554750784755_8520592426874103115_n-300x225.jpg 300w, https:\/\/kleintiernothilfe.de\/wp-content\/uploads\/2025\/11\/476612490_981554750784755_8520592426874103115_n-768x576.jpg 768w, https:\/\/kleintiernothilfe.de\/wp-content\/uploads\/2025\/11\/476612490_981554750784755_8520592426874103115_n-1536x1152.jpg 1536w, https:\/\/kleintiernothilfe.de\/wp-content\/uploads\/2025\/11\/476612490_981554750784755_8520592426874103115_n.jpg 2048w\" sizes=\"auto, (max-width: 767px) 89vw, (max-width: 1000px) 54vw, (max-width: 1071px) 543px, 580px\" \/><\/figure>\n\n\n\n<p>Eine unserer ersten Vermittlungskaninchen, die nach einer missgl\u00fcckten Urlaubsbetreung Tragend wurde, und sich im darauffolgenden Jahr sich das Bein brach. Gl\u00fccklicherweise heilte es trotz shclechter Prognosse aus.<\/p>\n\n\n\n<figure class=\"wp-block-image size-large\"><img loading=\"lazy\" decoding=\"async\" width=\"1024\" height=\"577\" src=\"https:\/\/kleintiernothilfe.de\/wp-content\/uploads\/2025\/11\/493921157_1048675447406018_2031973281016120515_n-1024x577.jpg\" alt=\"\" class=\"wp-image-164\" srcset=\"https:\/\/kleintiernothilfe.de\/wp-content\/uploads\/2025\/11\/493921157_1048675447406018_2031973281016120515_n-1024x577.jpg 1024w, https:\/\/kleintiernothilfe.de\/wp-content\/uploads\/2025\/11\/493921157_1048675447406018_2031973281016120515_n-300x169.jpg 300w, https:\/\/kleintiernothilfe.de\/wp-content\/uploads\/2025\/11\/493921157_1048675447406018_2031973281016120515_n-768x432.jpg 768w, https:\/\/kleintiernothilfe.de\/wp-content\/uploads\/2025\/11\/493921157_1048675447406018_2031973281016120515_n-1536x865.jpg 1536w, https:\/\/kleintiernothilfe.de\/wp-content\/uploads\/2025\/11\/493921157_1048675447406018_2031973281016120515_n.jpg 2048w\" sizes=\"auto, (max-width: 767px) 89vw, (max-width: 1000px) 54vw, (max-width: 1071px) 543px, 580px\" \/><\/figure>\n\n\n\n<p>Chinchilla nach Notkaiserschnit. Leider hatte der Welpe einen Schwanzabriss, durhc eine missgl\u00fcckte Lagekorrektur seitens des Tierarztes erleiden m\u00fcssen.<\/p>\n\n\n\n<figure class=\"wp-block-image size-large\"><img loading=\"lazy\" decoding=\"async\" width=\"1024\" height=\"768\" src=\"https:\/\/kleintiernothilfe.de\/wp-content\/uploads\/2025\/11\/481317187_973958681513275_4378571101532037193_n-1024x768.jpg\" alt=\"\" class=\"wp-image-165\" srcset=\"https:\/\/kleintiernothilfe.de\/wp-content\/uploads\/2025\/11\/481317187_973958681513275_4378571101532037193_n-1024x768.jpg 1024w, https:\/\/kleintiernothilfe.de\/wp-content\/uploads\/2025\/11\/481317187_973958681513275_4378571101532037193_n-300x225.jpg 300w, https:\/\/kleintiernothilfe.de\/wp-content\/uploads\/2025\/11\/481317187_973958681513275_4378571101532037193_n-768x576.jpg 768w, https:\/\/kleintiernothilfe.de\/wp-content\/uploads\/2025\/11\/481317187_973958681513275_4378571101532037193_n-1536x1152.jpg 1536w, https:\/\/kleintiernothilfe.de\/wp-content\/uploads\/2025\/11\/481317187_973958681513275_4378571101532037193_n.jpg 2048w\" sizes=\"auto, (max-width: 767px) 89vw, (max-width: 1000px) 54vw, (max-width: 1071px) 543px, 580px\" \/><\/figure>\n\n\n\n<p>Unsere erste und bis jetzt einzige H\u00e4sin ( hoffentlich bleibt das auch so)  die einen Hitzschlg erlitt. Durch sie mussten wir auf die Harte Tour lernen, das Gehegegestaltung mit Gen\u00fcgend Schatten und R\u00fcckzugsorten auch in gem\u00e4\u00dfigten Klimazonen unerl\u00e4sslich ist.  Gl\u00fccklicherewreise wurde sie wieder vollst\u00e4ndig genessen .<\/p>\n\n\n\n<figure class=\"wp-block-image size-large\"><img loading=\"lazy\" decoding=\"async\" width=\"1024\" height=\"751\" src=\"https:\/\/kleintiernothilfe.de\/wp-content\/uploads\/2025\/11\/481256773_1003039331969630_1693567371502230397_n-1024x751.jpg\" alt=\"\" class=\"wp-image-166\" srcset=\"https:\/\/kleintiernothilfe.de\/wp-content\/uploads\/2025\/11\/481256773_1003039331969630_1693567371502230397_n-1024x751.jpg 1024w, https:\/\/kleintiernothilfe.de\/wp-content\/uploads\/2025\/11\/481256773_1003039331969630_1693567371502230397_n-300x220.jpg 300w, https:\/\/kleintiernothilfe.de\/wp-content\/uploads\/2025\/11\/481256773_1003039331969630_1693567371502230397_n-768x563.jpg 768w, https:\/\/kleintiernothilfe.de\/wp-content\/uploads\/2025\/11\/481256773_1003039331969630_1693567371502230397_n.jpg 1080w\" sizes=\"auto, (max-width: 767px) 89vw, (max-width: 1000px) 54vw, (max-width: 1071px) 543px, 580px\" \/><\/figure>\n\n\n\n<p>Meine aller erste Unterern\u00e4hrtbedingte Handaufzucht im jahre 2018. Aus Speedy ist ein statlicher Deutsche Reise geworden.<\/p>\n\n\n\n<figure class=\"wp-block-image size-full\"><img loading=\"lazy\" decoding=\"async\" width=\"809\" height=\"603\" src=\"https:\/\/kleintiernothilfe.de\/wp-content\/uploads\/2025\/11\/480703610_991196979820532_2335548353671896732_n.jpg\" alt=\"\" class=\"wp-image-167\" srcset=\"https:\/\/kleintiernothilfe.de\/wp-content\/uploads\/2025\/11\/480703610_991196979820532_2335548353671896732_n.jpg 809w, https:\/\/kleintiernothilfe.de\/wp-content\/uploads\/2025\/11\/480703610_991196979820532_2335548353671896732_n-300x224.jpg 300w, https:\/\/kleintiernothilfe.de\/wp-content\/uploads\/2025\/11\/480703610_991196979820532_2335548353671896732_n-768x572.jpg 768w\" sizes=\"auto, (max-width: 767px) 89vw, (max-width: 1000px) 54vw, (max-width: 1071px) 543px, 580px\" \/><\/figure>\n\n\n\n<p>Unser erstes Fr\u00fchchen Zecke welches auch mit nur 56g ohne bleibende Sch\u00e4den \u00fcberlebte.<\/p>\n\n\n\n<figure class=\"wp-block-image size-large is-resized\"><img loading=\"lazy\" decoding=\"async\" width=\"479\" height=\"1024\" src=\"https:\/\/kleintiernothilfe.de\/wp-content\/uploads\/2025\/11\/484788678_1009530021320561_8355698336923453580_n-479x1024.jpg\" alt=\"\" class=\"wp-image-168\" style=\"width:456px;height:auto\" srcset=\"https:\/\/kleintiernothilfe.de\/wp-content\/uploads\/2025\/11\/484788678_1009530021320561_8355698336923453580_n-479x1024.jpg 479w, https:\/\/kleintiernothilfe.de\/wp-content\/uploads\/2025\/11\/484788678_1009530021320561_8355698336923453580_n-140x300.jpg 140w, https:\/\/kleintiernothilfe.de\/wp-content\/uploads\/2025\/11\/484788678_1009530021320561_8355698336923453580_n-768x1644.jpg 768w, https:\/\/kleintiernothilfe.de\/wp-content\/uploads\/2025\/11\/484788678_1009530021320561_8355698336923453580_n-718x1536.jpg 718w, https:\/\/kleintiernothilfe.de\/wp-content\/uploads\/2025\/11\/484788678_1009530021320561_8355698336923453580_n.jpg 957w\" sizes=\"auto, (max-width: 479px) 100vw, 479px\" \/><\/figure>\n\n\n\n<p>Ein K\u00e4tzchen welches mit nur 48g drau\u00dfen in der scheunegelassen wurde, weil die Finder gesagt bekamen , das Mama es wieder abholt,<\/p>\n\n\n\n<figure class=\"wp-block-image size-large\"><img loading=\"lazy\" decoding=\"async\" width=\"1024\" height=\"769\" src=\"https:\/\/kleintiernothilfe.de\/wp-content\/uploads\/2025\/11\/496096142_1048667430740153_2154658622723059288_n-1024x769.jpg\" alt=\"\" class=\"wp-image-169\" srcset=\"https:\/\/kleintiernothilfe.de\/wp-content\/uploads\/2025\/11\/496096142_1048667430740153_2154658622723059288_n-1024x769.jpg 1024w, https:\/\/kleintiernothilfe.de\/wp-content\/uploads\/2025\/11\/496096142_1048667430740153_2154658622723059288_n-300x225.jpg 300w, https:\/\/kleintiernothilfe.de\/wp-content\/uploads\/2025\/11\/496096142_1048667430740153_2154658622723059288_n-768x577.jpg 768w, https:\/\/kleintiernothilfe.de\/wp-content\/uploads\/2025\/11\/496096142_1048667430740153_2154658622723059288_n.jpg 1080w\" sizes=\"auto, (max-width: 767px) 89vw, (max-width: 1000px) 54vw, (max-width: 1071px) 543px, 580px\" \/><\/figure>\n\n\n\n<p>Die schrecklichste Defomierung vion Vorder- und Hintergliedma\u00dfen bei einen  Meerschwein die ich je zu Gesicht bekam. Das Kleine Kerlchen wurde von seinen Leider erl\u00f6st.<\/p>\n\n\n\n<figure class=\"wp-block-image size-large\"><img loading=\"lazy\" decoding=\"async\" width=\"759\" height=\"1024\" src=\"https:\/\/kleintiernothilfe.de\/wp-content\/uploads\/2025\/11\/495387240_1048674474072782_4618367757804439165_n-759x1024.jpg\" alt=\"\" class=\"wp-image-170\" srcset=\"https:\/\/kleintiernothilfe.de\/wp-content\/uploads\/2025\/11\/495387240_1048674474072782_4618367757804439165_n-759x1024.jpg 759w, https:\/\/kleintiernothilfe.de\/wp-content\/uploads\/2025\/11\/495387240_1048674474072782_4618367757804439165_n-222x300.jpg 222w, https:\/\/kleintiernothilfe.de\/wp-content\/uploads\/2025\/11\/495387240_1048674474072782_4618367757804439165_n-768x1037.jpg 768w, https:\/\/kleintiernothilfe.de\/wp-content\/uploads\/2025\/11\/495387240_1048674474072782_4618367757804439165_n.jpg 1080w\" sizes=\"auto, (max-width: 706px) 89vw, (max-width: 767px) 82vw, 740px\" \/><\/figure>\n\n\n\n<p>Meine ersten RHD -Welpen die Gro\u00df und Stark wurden.<\/p>\n\n\n","protected":false},"excerpt":{"rendered":"<p>Sturzgeburt im Auto mit Reanimation des ersten Kittens (wei\u00df) Fast verhungerte Katzenwelpen die nach 4 Tagen mit unter 100g gefunden wurden, dabei m\u00fcssen sie mindesten 8 Tage alt gewesen sein. Viele schlaflose N\u00e4chte: Denn Gido hatte ab der 3 Woche nicht nur eine ausgepr\u00e4gte Mangelern\u00e4hrung, sondern in laufe seines langen Kampfes verlor er ein Bein &hellip; <\/p>\n<p class=\"link-more\"><a href=\"https:\/\/kleintiernothilfe.de\/?page_id=21\" class=\"more-link\"><span class=\"screen-reader-text\">\u201eGeschichten die uns ver\u00e4ndert haben\u201c <\/span>weiterlesen<\/a><\/p>\n","protected":false},"author":1,"featured_media":0,"parent":0,"menu_order":0,"comment_status":"closed","ping_status":"closed","template":"","meta":{"footnotes":""},"class_list":["post-21","page","type-page","status-publish","hentry"],"_links":{"self":[{"href":"https:\/\/kleintiernothilfe.de\/index.php?rest_route=\/wp\/v2\/pages\/21","targetHints":{"allow":["GET"]}}],"collection":[{"href":"https:\/\/kleintiernothilfe.de\/index.php?rest_route=\/wp\/v2\/pages"}],"about":[{"href":"https:\/\/kleintiernothilfe.de\/index.php?rest_route=\/wp\/v2\/types\/page"}],"author":[{"embeddable":true,"href":"https:\/\/kleintiernothilfe.de\/index.php?rest_route=\/wp\/v2\/users\/1"}],"replies":[{"embeddable":true,"href":"https:\/\/kleintiernothilfe.de\/index.php?rest_route=%2Fwp%2Fv2%2Fcomments&post=21"}],"version-history":[{"count":3,"href":"https:\/\/kleintiernothilfe.de\/index.php?rest_route=\/wp\/v2\/pages\/21\/revisions"}],"predecessor-version":[{"id":171,"href":"https:\/\/kleintiernothilfe.de\/index.php?rest_route=\/wp\/v2\/pages\/21\/revisions\/171"}],"wp:attachment":[{"href":"https:\/\/kleintiernothilfe.de\/index.php?rest_route=%2Fwp%2Fv2%2Fmedia&parent=21"}],"curies":[{"name":"wp","href":"https:\/\/api.w.org\/{rel}","templated":true}]}}