{"id":19,"date":"2022-05-01T16:42:29","date_gmt":"2022-05-01T16:42:29","guid":{"rendered":"https:\/\/kleintiernothilfe.de\/?page_id=19"},"modified":"2025-11-23T19:44:30","modified_gmt":"2025-11-23T19:44:30","slug":"vermittlung-von-kleintieren","status":"publish","type":"page","link":"https:\/\/kleintiernothilfe.de\/?page_id=19","title":{"rendered":"Vermittlung von Kleinen Wiederk\u00e4uern"},"content":{"rendered":"\n<h2 class=\"wp-block-heading\">Vorweg<\/h2>\n\n\n\n<p>unser L\u00e4mmer ziehen nur zu Menschen mit g\u00fcltiger Betriebsnummer und mit Begleitpapieren aus!<\/p>\n\n\n\n<figure class=\"wp-block-image size-large\"><img loading=\"lazy\" decoding=\"async\" width=\"1024\" height=\"768\" src=\"https:\/\/kleintiernothilfe.de\/wp-content\/uploads\/2025\/11\/485623476_1013749910898572_7428521636311023280_n-1024x768.jpg\" alt=\"\" class=\"wp-image-209\" srcset=\"https:\/\/kleintiernothilfe.de\/wp-content\/uploads\/2025\/11\/485623476_1013749910898572_7428521636311023280_n-1024x768.jpg 1024w, https:\/\/kleintiernothilfe.de\/wp-content\/uploads\/2025\/11\/485623476_1013749910898572_7428521636311023280_n-300x225.jpg 300w, https:\/\/kleintiernothilfe.de\/wp-content\/uploads\/2025\/11\/485623476_1013749910898572_7428521636311023280_n-768x576.jpg 768w, https:\/\/kleintiernothilfe.de\/wp-content\/uploads\/2025\/11\/485623476_1013749910898572_7428521636311023280_n-1536x1152.jpg 1536w, https:\/\/kleintiernothilfe.de\/wp-content\/uploads\/2025\/11\/485623476_1013749910898572_7428521636311023280_n.jpg 2048w\" sizes=\"auto, (max-width: 767px) 89vw, (max-width: 1000px) 54vw, (max-width: 1071px) 543px, 580px\" \/><\/figure>\n\n\n\n<h2 class=\"wp-block-heading\">Abgabebedingungen:<\/h2>\n\n\n\n<p>f\u00fcr unsere Ziegen und Schafe<\/p>\n\n\n\n<p>(bedarfsgerecht &amp; orientiert an tierschutzfachlichen Mindestanforderungen)<\/p>\n\n\n\n<p>Die vollst\u00e4ndige \u00dcbergabe eines unserer Tiere ist erst rechtskr\u00e4ftig, wenn alle Angaben vollst\u00e4ndig ausgef\u00fcllt sind und beide Parteien die Begleitpapiere unterschrieben haben.<\/p>\n\n\n\n<p>&#8212;<\/p>\n\n\n\n<p>1. Haltungsbedingungen<\/p>\n\n\n\n<p>Keine Einzel- oder Zweierhaltung \u2013 Ziegen und Schafe sind Herdentiere und m\u00fcssen mindestens zu dritt gehalten werden.<\/p>\n\n\n\n<p>Ausreichende Fl\u00e4che:<\/p>\n\n\n\n<p>Ziegen: mind. 3\u20135 m\u00b2 Stallfl\u00e4che pro Tier, zus\u00e4tzlich 5\u201310 m\u00b2 Auslauf pro Tier im Au\u00dfenbereich<\/p>\n\n\n\n<p>Schafe: mind. 2\u20133 m\u00b2 Stallfl\u00e4che pro Tier, zus\u00e4tzlich 5\u201310 m\u00b2 Auslauf pro Tier<\/p>\n\n\n\n<p>Strukturiertes Gehege und Stall:<\/p>\n\n\n\n<p>R\u00fcckzugsm\u00f6glichkeiten und Unterst\u00e4nde<\/p>\n\n\n\n<p>Sichere Einz\u00e4unung, ausreichend hoch und stabil<\/p>\n\n\n\n<p>Strukturierte Umgebung mit Kletterm\u00f6glichkeiten f\u00fcr Ziegen<\/p>\n\n\n\n<p>Sichere Unterbringung:<\/p>\n\n\n\n<p>Schutz vor Raubtieren<\/p>\n\n\n\n<p>Wetterschutz f\u00fcr alle Tiere (Trockenheit, Windschutz, Sonnenschutz)<\/p>\n\n\n\n<p>Saubere, trockene Einstreu (Heu, Stroh) regelm\u00e4\u00dfig erneuern<\/p>\n\n\n\n<p>Zugang zu Weide oder Auslauf:<\/p>\n\n\n\n<p>Mindestens t\u00e4glicher Auslauf, wetterabh\u00e4ngig<\/p>\n\n\n\n<p>Fl\u00e4chen regelm\u00e4\u00dfig auf giftige Pflanzen \u00fcberpr\u00fcfen<\/p>\n\n\n\n<p>&#8212;<\/p>\n\n\n\n<p>2. Ern\u00e4hrung &amp; Versorgung<\/p>\n\n\n\n<p>St\u00e4ndige Versorgung mit Heu und frischem Wasser (Trinkwasserqualit\u00e4t)<\/p>\n\n\n\n<p>Artgerechte Erg\u00e4nzungsfutter (z. B. Gr\u00fcnfutter, Kr\u00e4uter, Mineralstoffzus\u00e4tze)<\/p>\n\n\n\n<p>Kontrolle der Futteraufnahme, Wasseraufnahme und des allgemeinen Zustands t\u00e4glich<\/p>\n\n\n\n<p>F\u00fcr Schafe: Salzlecksteine oder Mineralbl\u00f6cke bereitstellen<\/p>\n\n\n\n<p>&#8212;<\/p>\n\n\n\n<p>3. Gesundheit &amp; Impfungen<\/p>\n\n\n\n<p>Tiere werden grundimmunisiert (je nach Tierart z. B. Tetanus, Clostridien) abgegeben, Impfausweis inklusive<\/p>\n\n\n\n<p>Regelm\u00e4\u00dfige tier\u00e4rztliche Untersuchungen vor der Abgabe<\/p>\n\n\n\n<p>Prophylaktische Parasitenbehandlung:<\/p>\n\n\n\n<p>Wir lassen Sammelproben anfertigen, um den Gesundheitsstatus der Herde zu \u00fcberwachen<\/p>\n\n\n\n<p>Einzeltiere k\u00f6nnen dabei durch die Lappen gehen, daher sollte nach der Eingew\u00f6hnung besonders auf Anzeichen von Parasitenbefall geachtet werden<\/p>\n\n\n\n<p>Abgabe erfolgt nur mit aktuellem Gesundheits-Check-up<\/p>\n\n\n\n<p>Fortf\u00fchrung der Impfungen, Entwurmung und regelm\u00e4\u00dfige tier\u00e4rztliche Kontrollen sind verpflichtend<\/p>\n\n\n\n<p>&#8212;<\/p>\n\n\n\n<p>4. Sonstiges<\/p>\n\n\n\n<p>Tiere sind nicht f\u00fcr den Verzehr oder die Zucht ohne Absprache geeignet<\/p>\n\n\n\n<p>Die Tiere d\u00fcrfen nicht isoliert oder in Herden unter 3 Tieren gehalten werden<\/p>\n\n\n\n<ul class=\"wp-block-list\">\n<li><\/li>\n<\/ul>\n\n\n\n<figure class=\"wp-block-image size-large is-resized\"><img loading=\"lazy\" decoding=\"async\" width=\"768\" height=\"1024\" src=\"https:\/\/kleintiernothilfe.de\/wp-content\/uploads\/2025\/11\/486486035_1016302413976655_6846212639117933702_n-768x1024.jpg\" alt=\"\" class=\"wp-image-210\" style=\"width:492px;height:auto\" srcset=\"https:\/\/kleintiernothilfe.de\/wp-content\/uploads\/2025\/11\/486486035_1016302413976655_6846212639117933702_n-768x1024.jpg 768w, https:\/\/kleintiernothilfe.de\/wp-content\/uploads\/2025\/11\/486486035_1016302413976655_6846212639117933702_n-225x300.jpg 225w, https:\/\/kleintiernothilfe.de\/wp-content\/uploads\/2025\/11\/486486035_1016302413976655_6846212639117933702_n-1152x1536.jpg 1152w, https:\/\/kleintiernothilfe.de\/wp-content\/uploads\/2025\/11\/486486035_1016302413976655_6846212639117933702_n.jpg 1200w\" sizes=\"auto, (max-width: 767px) 89vw, (max-width: 1000px) 54vw, (max-width: 1071px) 543px, 580px\" \/><\/figure>\n\n\n\n<figure class=\"wp-block-image size-large\"><img loading=\"lazy\" decoding=\"async\" width=\"1024\" height=\"768\" src=\"https:\/\/kleintiernothilfe.de\/wp-content\/uploads\/2025\/11\/516525297_1100613105545585_620980198790991451_n-1024x768.jpg\" alt=\"\" class=\"wp-image-211\" srcset=\"https:\/\/kleintiernothilfe.de\/wp-content\/uploads\/2025\/11\/516525297_1100613105545585_620980198790991451_n-1024x768.jpg 1024w, https:\/\/kleintiernothilfe.de\/wp-content\/uploads\/2025\/11\/516525297_1100613105545585_620980198790991451_n-300x225.jpg 300w, https:\/\/kleintiernothilfe.de\/wp-content\/uploads\/2025\/11\/516525297_1100613105545585_620980198790991451_n-768x576.jpg 768w, https:\/\/kleintiernothilfe.de\/wp-content\/uploads\/2025\/11\/516525297_1100613105545585_620980198790991451_n-1536x1152.jpg 1536w, https:\/\/kleintiernothilfe.de\/wp-content\/uploads\/2025\/11\/516525297_1100613105545585_620980198790991451_n.jpg 2048w\" sizes=\"auto, (max-width: 767px) 89vw, (max-width: 1000px) 54vw, (max-width: 1071px) 543px, 580px\" \/><\/figure>\n","protected":false},"excerpt":{"rendered":"<p>Vorweg unser L\u00e4mmer ziehen nur zu Menschen mit g\u00fcltiger Betriebsnummer und mit Begleitpapieren aus! Abgabebedingungen: f\u00fcr unsere Ziegen und Schafe (bedarfsgerecht &amp; orientiert an tierschutzfachlichen Mindestanforderungen) Die vollst\u00e4ndige \u00dcbergabe eines unserer Tiere ist erst rechtskr\u00e4ftig, wenn alle Angaben vollst\u00e4ndig ausgef\u00fcllt sind und beide Parteien die Begleitpapiere unterschrieben haben. &#8212; 1. Haltungsbedingungen Keine Einzel- oder Zweierhaltung &hellip; <\/p>\n<p class=\"link-more\"><a href=\"https:\/\/kleintiernothilfe.de\/?page_id=19\" class=\"more-link\"><span class=\"screen-reader-text\">\u201eVermittlung von Kleinen Wiederk\u00e4uern\u201c <\/span>weiterlesen<\/a><\/p>\n","protected":false},"author":1,"featured_media":0,"parent":0,"menu_order":0,"comment_status":"closed","ping_status":"closed","template":"","meta":{"footnotes":""},"class_list":["post-19","page","type-page","status-publish","hentry"],"_links":{"self":[{"href":"https:\/\/kleintiernothilfe.de\/index.php?rest_route=\/wp\/v2\/pages\/19","targetHints":{"allow":["GET"]}}],"collection":[{"href":"https:\/\/kleintiernothilfe.de\/index.php?rest_route=\/wp\/v2\/pages"}],"about":[{"href":"https:\/\/kleintiernothilfe.de\/index.php?rest_route=\/wp\/v2\/types\/page"}],"author":[{"embeddable":true,"href":"https:\/\/kleintiernothilfe.de\/index.php?rest_route=\/wp\/v2\/users\/1"}],"replies":[{"embeddable":true,"href":"https:\/\/kleintiernothilfe.de\/index.php?rest_route=%2Fwp%2Fv2%2Fcomments&post=19"}],"version-history":[{"count":4,"href":"https:\/\/kleintiernothilfe.de\/index.php?rest_route=\/wp\/v2\/pages\/19\/revisions"}],"predecessor-version":[{"id":212,"href":"https:\/\/kleintiernothilfe.de\/index.php?rest_route=\/wp\/v2\/pages\/19\/revisions\/212"}],"wp:attachment":[{"href":"https:\/\/kleintiernothilfe.de\/index.php?rest_route=%2Fwp%2Fv2%2Fmedia&parent=19"}],"curies":[{"name":"wp","href":"https:\/\/api.w.org\/{rel}","templated":true}]}}