{"id":17,"date":"2022-05-01T16:41:57","date_gmt":"2022-05-01T16:41:57","guid":{"rendered":"https:\/\/kleintiernothilfe.de\/?page_id=17"},"modified":"2025-11-23T19:22:23","modified_gmt":"2025-11-23T19:22:23","slug":"vermittlung-von-kaninchen","status":"publish","type":"page","link":"https:\/\/kleintiernothilfe.de\/?page_id=17","title":{"rendered":"Vermittlung von Kaninchen"},"content":{"rendered":"\n<p><strong>Individuelle Vermittlung und verantwortungsvolle Abgabe unserer Sch\u00fctzlinge<\/strong><\/p>\n\n\n\n<p>Bei uns wird jedes Kaninchen individuell vermittelt, um sicherzustellen, dass es in das passende Zuhause kommt, in dem es sich wohl und sicher f\u00fchlt. Unsere Kaninchen leben in gro\u00dfen, gut sozialisierten Gruppen, wodurch sie von Anfang an die bestm\u00f6gliche soziale Entwicklung erleben. In den meisten F\u00e4llen wartet bereits ein <strong>Partnertier<\/strong> zu Hause auf die Neuank\u00f6mmlinge.<\/p>\n\n\n\n<p>Um sicherzustellen, dass die Vergesellschaftung m\u00f6glichst gut verl\u00e4uft, w\u00e4hle ich im Vorfeld gezielt <strong>charakterlich passende Kandidaten<\/strong> f\u00fcr die Vermittlung aus. Sie werden nach den sozialen Bed\u00fcrfnisse ausgew\u00e4hlt. Dennoch ist es wichtig zu beachten, dass Tiere individuelle Charaktere haben und die Eingew\u00f6hnung Zeit brauchen kann. Wir geben unser Bestes, um den \u00dcbergang so harmonisch wie m\u00f6glich zu gestalten und stehen den neuen Besitzern w\u00e4hrend der ersten Schritte der Vergesellschaftung unterst\u00fctzend zur Seite.<\/p>\n\n\n\n<p>Alle uns vorliegenden Informationen \u00fcber den Gesundheitszustand, das Verhalten und die bisherigen Erfahrungen der Kaninchen werden den zuk\u00fcnftigen Besitzern vollst\u00e4ndig und transparent mitgeteilt. Unsere Kaninchen sind <strong>regelm\u00e4\u00dfig entwurmt<\/strong>, <strong>vollst\u00e4ndig geimpft<\/strong> und werden mit einem Gesundheitsnachweis abgegeben.<\/p>\n\n\n\n<p>Die fr\u00fcheste Abgabe erfolgt bei <strong>weiblichen Kaninchen nach fr\u00fchestens 12 Wochen<\/strong> und bei <strong>m\u00e4nnlichen Kaninchen nach Kastration (ggf. mit Frist- Absitzung)<\/strong>. Auch bei einer fr\u00fchzeitigen Kastration wird die Abgabe erst nach erfolgreicher Kastration erm\u00f6glicht.<\/p>\n\n\n\n<p>Mit dieser verantwortungsvollen Vorgehensweise m\u00f6chten wir sicherstellen, dass unsere Sch\u00fctzlinge den besten Start in ihr neues Leben haben \u2013 mit einem liebevollen Partner und in einem artgerechten Zuhause.<br>___<\/p>\n\n\n\n<p>Bitte auf WhatsApp eine Mail mit Vermittlungsesuch an die 01578 3889826 schreiben.<br>Aktuelle Sch\u00fctzlinge findet ihr:<\/p>\n\n\n\n<p><a href=\"https:\/\/www.facebook.com\/p\/KleinTiernothilfe-Th%C3%BCringen-eV-100067907171647\">https:\/\/www.facebook.com\/p\/KleinTiernothilfe-Th%C3%BCringen-eV-100067907171647<\/a><\/p>\n\n\n\n<p>oder<\/p>\n\n\n\n<p><a href=\"https:\/\/www.instagram.com\/klein.tiernothilfe__thueringen\">https:\/\/www.instagram.com\/klein.tiernothilfe__thueringen<\/a><\/p>\n\n\n\n<p><\/p>\n\n\n\n<figure class=\"wp-block-image size-large is-resized\"><img loading=\"lazy\" decoding=\"async\" width=\"1024\" height=\"717\" src=\"https:\/\/kleintiernothilfe.de\/wp-content\/uploads\/2025\/11\/481336747_1003039088636321_4954769119167910239_n-1024x717.jpg\" alt=\"\" class=\"wp-image-191\" style=\"width:363px;height:auto\" srcset=\"https:\/\/kleintiernothilfe.de\/wp-content\/uploads\/2025\/11\/481336747_1003039088636321_4954769119167910239_n-1024x717.jpg 1024w, https:\/\/kleintiernothilfe.de\/wp-content\/uploads\/2025\/11\/481336747_1003039088636321_4954769119167910239_n-300x210.jpg 300w, https:\/\/kleintiernothilfe.de\/wp-content\/uploads\/2025\/11\/481336747_1003039088636321_4954769119167910239_n-768x538.jpg 768w, https:\/\/kleintiernothilfe.de\/wp-content\/uploads\/2025\/11\/481336747_1003039088636321_4954769119167910239_n.jpg 1080w\" sizes=\"auto, (max-width: 767px) 89vw, (max-width: 1000px) 54vw, (max-width: 1071px) 543px, 580px\" \/><\/figure>\n\n\n\n<p><\/p>\n\n\n\n<h2 class=\"wp-block-heading\">Abgabebedingungen:<\/h2>\n\n\n\n<p>Abgabebedingungen f\u00fcr unsere Kaninchen<\/p>\n\n\n\n<p>(basierend auf den Mindestanforderungen der TVT)<\/p>\n\n\n\n<p>Die vollst\u00e4ndige \u00dcbergabe eines unserer Tiere ist erst rechtskr\u00e4ftig, wenn alle Angaben vollst\u00e4ndig ausgef\u00fcllt sind und beide Parteien unterschrieben haben.<\/p>\n\n\n\n<p>&#8212;<\/p>\n\n\n\n<p>1. Haltungsbedingungen (gem\u00e4\u00df TVT)<\/p>\n\n\n\n<p>Keine K\u00e4fig-, Boxen- oder Buchtenhaltung<\/p>\n\n\n\n<p>Keine Einzelhaltung \u2013 Kaninchen sind soziale Tiere und m\u00fcssen mindestens zu zweit leben<\/p>\n\n\n\n<p>Mindestfl\u00e4che nach TVT:<\/p>\n\n\n\n<p>mind. 2\u20133 m\u00b2 pro Tier als dauerhaft nutzbare, bewegungsaktive Fl\u00e4che<\/p>\n\n\n\n<p>Gr\u00f6\u00dfere Gruppen ben\u00f6tigen entsprechend mehr Platz<\/p>\n\n\n\n<p>Strukturiertes Gehege mit:<\/p>\n\n\n\n<p>Ebenen<\/p>\n\n\n\n<p>R\u00fcckzugsm\u00f6glichkeiten<\/p>\n\n\n\n<p>Tunneln<\/p>\n\n\n\n<p>sicheren H\u00e4usern<\/p>\n\n\n\n<p>Buddelm\u00f6glichkeiten<\/p>\n\n\n\n<p>R\u00e4ubersichere Unterbringung:<\/p>\n\n\n\n<p>Sicherung \u00fcber alle 6 Seiten<\/p>\n\n\n\n<p>Verwendung von punktverschwei\u00dftem, biss- und ausbruchsicherem Draht<\/p>\n\n\n\n<p>Saubere, trockene Einstreu, regelm\u00e4\u00dfige Reinigung<\/p>\n\n\n\n<p>&#8212;<\/p>\n\n\n\n<p>2. Ern\u00e4hrung &amp; Versorgung (gem\u00e4\u00df TVT)<\/p>\n\n\n\n<p>T\u00e4gliche artgerechte Frischkost (Wiese, Kr\u00e4uter, frisches Gr\u00fcn)<\/p>\n\n\n\n<p>Heu muss jederzeit in unbegrenzter Menge zur Verf\u00fcgung stehen<\/p>\n\n\n\n<p>Frisches Wasser in Sch\u00fcsseln (Trinkwasserqualit\u00e4t) immer anbieten<\/p>\n\n\n\n<p>T\u00e4gliche Kontrolle der Tiere (Allgemeinzustand, Verhalten, Fressverhalten)<\/p>\n\n\n\n<p>&#8212;<\/p>\n\n\n\n<p>3. Gesundheit &amp; Impfungen<\/p>\n\n\n\n<p>Abgabe grundimmunisiert (Myxomatose &amp; RHD\/RHD2) inklusive Impfausweis<\/p>\n\n\n\n<p>Abgabe fr\u00fchestens mit 12 Wochen<\/p>\n\n\n\n<p>Rammler (\u2642\ufe0f) werden ausschlie\u00dflich kastriert abgegeben<\/p>\n\n\n\n<p>Regelm\u00e4\u00dfige tier\u00e4rztliche Untersuchungen bis zur Abgabe<\/p>\n\n\n\n<p>Prophylaktische Parasitenbehandlung erfolgt<\/p>\n\n\n\n<p>Abgabe erfolgt nur mit aktuellem Gesundheits-Check-up<\/p>\n\n\n\n<p>Fortf\u00fchrung der Impfungen sowie regelm\u00e4\u00dfige Besuche bei heimtierkundigen Tier\u00e4rzten sind verpflichtend<\/p>\n\n\n\n<p>&#8212;<\/p>\n\n\n\n<p>4. Sonstiges<\/p>\n\n\n\n<p>Unsere Tiere sind nicht f\u00fcr die Zucht geeignet<\/p>\n\n\n\n<p>Unsere Tiere sind nicht f\u00fcr den Verzehr bestimmt<\/p>\n\n\n\n<figure class=\"wp-block-image size-large\"><img loading=\"lazy\" decoding=\"async\" width=\"819\" height=\"1024\" src=\"https:\/\/kleintiernothilfe.de\/wp-content\/uploads\/2025\/11\/491897720_1036752538598309_8302454461150870728_n-819x1024.jpg\" alt=\"\" class=\"wp-image-192\" srcset=\"https:\/\/kleintiernothilfe.de\/wp-content\/uploads\/2025\/11\/491897720_1036752538598309_8302454461150870728_n-819x1024.jpg 819w, https:\/\/kleintiernothilfe.de\/wp-content\/uploads\/2025\/11\/491897720_1036752538598309_8302454461150870728_n-240x300.jpg 240w, https:\/\/kleintiernothilfe.de\/wp-content\/uploads\/2025\/11\/491897720_1036752538598309_8302454461150870728_n-768x960.jpg 768w, https:\/\/kleintiernothilfe.de\/wp-content\/uploads\/2025\/11\/491897720_1036752538598309_8302454461150870728_n.jpg 1080w\" sizes=\"auto, (max-width: 767px) 89vw, (max-width: 1000px) 54vw, (max-width: 1071px) 543px, 580px\" \/><\/figure>\n\n\n\n<p><br><\/p>\n","protected":false},"excerpt":{"rendered":"<p>Individuelle Vermittlung und verantwortungsvolle Abgabe unserer Sch\u00fctzlinge Bei uns wird jedes Kaninchen individuell vermittelt, um sicherzustellen, dass es in das passende Zuhause kommt, in dem es sich wohl und sicher f\u00fchlt. Unsere Kaninchen leben in gro\u00dfen, gut sozialisierten Gruppen, wodurch sie von Anfang an die bestm\u00f6gliche soziale Entwicklung erleben. In den meisten F\u00e4llen wartet bereits &hellip; <\/p>\n<p class=\"link-more\"><a href=\"https:\/\/kleintiernothilfe.de\/?page_id=17\" class=\"more-link\"><span class=\"screen-reader-text\">\u201eVermittlung von Kaninchen\u201c <\/span>weiterlesen<\/a><\/p>\n","protected":false},"author":1,"featured_media":0,"parent":0,"menu_order":0,"comment_status":"closed","ping_status":"closed","template":"","meta":{"footnotes":""},"class_list":["post-17","page","type-page","status-publish","hentry"],"_links":{"self":[{"href":"https:\/\/kleintiernothilfe.de\/index.php?rest_route=\/wp\/v2\/pages\/17","targetHints":{"allow":["GET"]}}],"collection":[{"href":"https:\/\/kleintiernothilfe.de\/index.php?rest_route=\/wp\/v2\/pages"}],"about":[{"href":"https:\/\/kleintiernothilfe.de\/index.php?rest_route=\/wp\/v2\/types\/page"}],"author":[{"embeddable":true,"href":"https:\/\/kleintiernothilfe.de\/index.php?rest_route=\/wp\/v2\/users\/1"}],"replies":[{"embeddable":true,"href":"https:\/\/kleintiernothilfe.de\/index.php?rest_route=%2Fwp%2Fv2%2Fcomments&post=17"}],"version-history":[{"count":4,"href":"https:\/\/kleintiernothilfe.de\/index.php?rest_route=\/wp\/v2\/pages\/17\/revisions"}],"predecessor-version":[{"id":193,"href":"https:\/\/kleintiernothilfe.de\/index.php?rest_route=\/wp\/v2\/pages\/17\/revisions\/193"}],"wp:attachment":[{"href":"https:\/\/kleintiernothilfe.de\/index.php?rest_route=%2Fwp%2Fv2%2Fmedia&parent=17"}],"curies":[{"name":"wp","href":"https:\/\/api.w.org\/{rel}","templated":true}]}}