{"id":15,"date":"2022-05-01T16:41:28","date_gmt":"2022-05-01T16:41:28","guid":{"rendered":"https:\/\/kleintiernothilfe.de\/?page_id=15"},"modified":"2025-11-23T19:25:17","modified_gmt":"2025-11-23T19:25:17","slug":"vermittlung-von-katzen","status":"publish","type":"page","link":"https:\/\/kleintiernothilfe.de\/?page_id=15","title":{"rendered":"Vermittlung von Katzen"},"content":{"rendered":"\n<p><strong>Individuelle Vermittlung und verantwortungsvolle Abgabe unserer Sch\u00fctzlinge<\/strong><\/p>\n\n\n\n<p>Bei uns wird jede Katze individuell vermittelt, um sicherzustellen, dass sie in das passende Zuhause kommt, in dem sie sich sicher und wohl f\u00fchlt. Unsere Katzen leben in sozialen Gruppen, wodurch sie eine gute soziale Pr\u00e4gung erfahren und sich optimal entwickeln k\u00f6nnen. In den meisten F\u00e4llen wartet bereits eine <strong>passende Katzenpartnerin oder ein passender Kater<\/strong> zu Hause auf die Neuank\u00f6mmlinge.<\/p>\n\n\n\n<p>Um eine m\u00f6glichst harmonische Eingew\u00f6hnung zu gew\u00e4hrleisten, w\u00e4hle ich im Vorfeld gezielt <strong>passende Kandidaten<\/strong> f\u00fcr die Vermittlung aus. Die Katzen, die bereits bei uns im Zuhause leben, wurden entsprechend ihrer sozialen Bed\u00fcrfnisse ausgew\u00e4hlt und gut integriert. Es ist jedoch wichtig zu bedenken, dass Katzen individuelle Charaktere haben, und die Eingew\u00f6hnung in ein neues Zuhause oder zu bereits vorhandenen Tieren etwas Zeit und Geduld erfordern kann. Wir tun unser Bestes, um den \u00dcbergang so angenehm wie m\u00f6glich zu gestalten und stehen den neuen Besitzern w\u00e4hrend der ersten Schritte der Vergesellschaftung mit Rat und Tat zur Seite.<\/p>\n\n\n\n<p>Alle uns vorliegenden Informationen \u00fcber den Gesundheitszustand, das Verhalten und die bisherigen Erfahrungen der Katzen werden den zuk\u00fcnftigen Besitzern transparent mitgeteilt. Unsere Katzen sind <strong>regelm\u00e4\u00dfig entwurmt<\/strong>, <strong>vollst\u00e4ndig geimpft<\/strong> und werden mit einem umfassenden Gesundheitsnachweis abgegeben.<\/p>\n\n\n\n<p>Die fr\u00fcheste Abgabe erfolgt bei <strong>K\u00e4tzchen nach fr\u00fchestens 12 Wochen<\/strong> und bei <strong>erwachsenen Katzen nach Kastration<\/strong>. Auch bei einer fr\u00fchzeitigen Kastration wird die Abgabe erst nach erfolgreicher Kastration m\u00f6glich.<\/p>\n\n\n\n<p>Mit dieser verantwortungsvollen Vorgehensweise m\u00f6chten wir sicherstellen, dass unsere Sch\u00fctzlinge den besten Start in ihr neues Leben haben \u2013 sei es in einem neuen Zuhause mit einem liebevollen Partner oder in einer Gruppe von Artgenossen, die ihnen ein artgerechtes Umfeld bieten.<\/p>\n\n\n\n<figure class=\"wp-block-image size-large is-resized\"><img loading=\"lazy\" decoding=\"async\" width=\"768\" height=\"1024\" src=\"https:\/\/kleintiernothilfe.de\/wp-content\/uploads\/2025\/11\/481069406_971794358396374_6654873655979529430_n-768x1024.jpg\" alt=\"\" class=\"wp-image-195\" style=\"width:422px;height:auto\" srcset=\"https:\/\/kleintiernothilfe.de\/wp-content\/uploads\/2025\/11\/481069406_971794358396374_6654873655979529430_n-768x1024.jpg 768w, https:\/\/kleintiernothilfe.de\/wp-content\/uploads\/2025\/11\/481069406_971794358396374_6654873655979529430_n-225x300.jpg 225w, https:\/\/kleintiernothilfe.de\/wp-content\/uploads\/2025\/11\/481069406_971794358396374_6654873655979529430_n-1152x1536.jpg 1152w, https:\/\/kleintiernothilfe.de\/wp-content\/uploads\/2025\/11\/481069406_971794358396374_6654873655979529430_n.jpg 1536w\" sizes=\"auto, (max-width: 767px) 89vw, (max-width: 1000px) 54vw, (max-width: 1071px) 543px, 580px\" \/><\/figure>\n\n\n\n<p><br><u>Abgabebedingungen Katze<br><\/u><br>Bedingung:<br>Die vollst\u00e4ndige \u00dcbereignung einer unserer Katzen ist erst rechtskr\u00e4ftig, wenn alle Angaben vollst\u00e4ndig ausgef\u00fcllt sind und beide Parteien unterschrieben haben.<br><br>Lebensweise:<br>Katzen sind Einzej\u00e4ger,aber keine Einzelg\u00e4nger daher zieht keines unserer Kitten als einzelkatze aus!<br>Kiten sind sehr sozial und brauchen gleichaltrige Geselschaft<br>Platzbedarf:<br>Platzbedarf richtet sich sehr nach der Rasse und den Aktivit\u00e4t(Alter) des einzelnen Individuum.<br>Die Faustregel sagt mindesten ein immer begehbares Zimmer pro Katze<br>Bei reiner Wohnungshaltung ohne gesicherten Freigang sollte eine P\u00e4rchen allerdings 60 qm zur Verf\u00fcgung stehen.<br><br>Allgemeines:<br>&#8211; es gilt f\u00fcr jede Katze ein Klo + mindesten ein Ersatzklo f\u00fcr einen Haushalt<br>&#8211; mind. Einmal am Tag reinigen der Katzenklos<br>&#8211; regelm\u00e4\u00dfige Tierarztg\u00e4nge d.h. Auch Check-Up und Allgemeinuntersuchung<br>&#8211; keine selbst Behandlung von Katzen ohne Absprach mit einen Tierarzt!<br>-Gesicherter Freigang w\u00fcnschenswert<br>&#8211; Kastration von Katern und Katzen ab den 6. Monat<br>-Chippen sowie bei Tasso registrieren<br>-fellpflege bei Langhaarkatzen<br><br>Ern\u00e4hrung:<br>Verwendet wird bei uns Hochwertiges Nass und in geringen Mengen Trockenfutter der Marken Royal Canin, Carny, Animonda, Primiere, Josi, Happy Cat.<br>&#8211; angestrebt wird den Tagesbedarf mit 70% oder h\u00f6her Nassfutter zudecken<br>&#8211; Das Nassfutter sollte mind. 60% Fleischanteil besitzen<br>&#8211; wenig Trockenfutter, wenn dann min.70% Fleischanteil<br>&#8211; immer frisches Wasser in geeigneten Trickgef\u00e4\u00dfen anbieten (zb. Brunnen)<br>&#8211; Futtermenge richtet sich nach Aktivit\u00e4t, Rasse, Gewicht und Alter und sollte immer angepasst sein<br><br>Wohnungshaltung:<br>&#8211; keine Einzelhaltung (au\u00dfer bei anerkannten Einzeltieren)<br>-gesicherte Fenster und T\u00fcren<br>-keine Anknabbergefahr von giftigen Pflanzen und Kabeln<br>&#8211; Reinigungs- und Desinfektionsmittel aller Art sind verschlossen aufzubewahren<br>&#8211; Herzungsgitter sollten so gesichert sein, das Katzen mit den Krallen nicht h\u00e4ngen bleiben<br>&#8211; gen\u00fcgend Spiel und Besch\u00e4ftigungsm\u00f6glichkeiten (zb. Catwalks, gro\u00dfe Kraztb\u00e4ume und Tonnen, Tunnel, B\u00e4lle etc.)<br>&#8211; gen\u00fcgend&nbsp; R\u00fcckzugm\u00f6glichkeiten<br>&#8211; gesicherter Freigang w\u00fcnschenswert aber kein muss ( Balkon oder Gehege)<\/p>\n\n\n\n<p>-Entwurmung alle 8 bis 12 Wochen<br><br>Freigang:<br>&#8211; nur kastriert<br>-erst ab 6. Monaten<br>-langsam antasten lassen<br>&#8211; Nicht in der N\u00e4he von Vogel\/Artenschutzgebiet<br>-keine Handaufzuchten<br>&#8211; ohne Halsband, wenn nur mit Sicherheitsverschluss<br>&#8211; sichere Versorgung in allen belange muss gew\u00e4hrleistet sein<br>-Entwurmung alle 4 Wochen<br>&#8211; bei mitbringen von Jagdtgeschenken bei denen es sich um Nestlinge (M\u00e4usebabys, Vogelk\u00fcken, H\u00f6rnchen, Hasen, Kaninchen, Mader etc.) handeln k\u00f6nnte, ist Hausarrest zuerteilen um die restlichen Jungtiere zu sch\u00fctzen<br><br>D\u00fcrfen Tiere sowohl ins Haus als auch in den Freigang ist beides zu beachten.<\/p>\n\n\n\n<div class=\"wp-block-columns is-layout-flex wp-container-core-columns-is-layout-9d6595d7 wp-block-columns-is-layout-flex\">\n<div class=\"wp-block-column is-layout-flow wp-block-column-is-layout-flow\" style=\"flex-basis:66.66%\">\n<figure class=\"wp-block-image size-large\"><img loading=\"lazy\" decoding=\"async\" width=\"576\" height=\"1024\" src=\"https:\/\/kleintiernothilfe.de\/wp-content\/uploads\/2025\/11\/IMG-20191002-WA0000-576x1024.jpg\" alt=\"\" class=\"wp-image-99\" srcset=\"https:\/\/kleintiernothilfe.de\/wp-content\/uploads\/2025\/11\/IMG-20191002-WA0000-576x1024.jpg 576w, https:\/\/kleintiernothilfe.de\/wp-content\/uploads\/2025\/11\/IMG-20191002-WA0000-169x300.jpg 169w, https:\/\/kleintiernothilfe.de\/wp-content\/uploads\/2025\/11\/IMG-20191002-WA0000.jpg 747w\" sizes=\"auto, (max-width: 576px) 100vw, 576px\" \/><\/figure>\n<\/div>\n\n\n\n<div class=\"wp-block-column is-vertically-aligned-center is-layout-flow wp-block-column-is-layout-flow\" style=\"flex-basis:33.33%\">\n<p class=\"has-medium-font-size\"><\/p>\n<\/div>\n<\/div>\n\n\n\n<div class=\"wp-block-columns is-layout-flex wp-container-core-columns-is-layout-9d6595d7 wp-block-columns-is-layout-flex\">\n<div class=\"wp-block-column is-layout-flow wp-block-column-is-layout-flow\" style=\"flex-basis:66.66%\">\n<div class=\"wp-block-cover alignleft\"><img loading=\"lazy\" decoding=\"async\" width=\"1024\" height=\"715\" class=\"wp-block-cover__image-background wp-image-103 size-large\" alt=\"\" src=\"https:\/\/kleintiernothilfe.de\/wp-content\/uploads\/2025\/11\/Miloamando-1-1024x715.jpg\" data-object-fit=\"cover\" srcset=\"https:\/\/kleintiernothilfe.de\/wp-content\/uploads\/2025\/11\/Miloamando-1-1024x715.jpg 1024w, https:\/\/kleintiernothilfe.de\/wp-content\/uploads\/2025\/11\/Miloamando-1-300x209.jpg 300w, https:\/\/kleintiernothilfe.de\/wp-content\/uploads\/2025\/11\/Miloamando-1-768x536.jpg 768w, https:\/\/kleintiernothilfe.de\/wp-content\/uploads\/2025\/11\/Miloamando-1.jpg 1080w\" sizes=\"auto, (max-width: 767px) 89vw, (max-width: 1000px) 54vw, (max-width: 1071px) 543px, 580px\" \/><span aria-hidden=\"true\" class=\"wp-block-cover__background has-background-dim\" style=\"background-color:#917564\"><\/span><div class=\"wp-block-cover__inner-container is-layout-flow wp-block-cover-is-layout-flow\"><div class=\"wp-block-image is-style-rounded\">\n<figure class=\"aligncenter size-large\"><img loading=\"lazy\" decoding=\"async\" width=\"1024\" height=\"715\" src=\"https:\/\/kleintiernothilfe.de\/wp-content\/uploads\/2025\/11\/Miloamando-1024x715.jpg\" alt=\"\" class=\"wp-image-102\" srcset=\"https:\/\/kleintiernothilfe.de\/wp-content\/uploads\/2025\/11\/Miloamando-1024x715.jpg 1024w, https:\/\/kleintiernothilfe.de\/wp-content\/uploads\/2025\/11\/Miloamando-300x209.jpg 300w, https:\/\/kleintiernothilfe.de\/wp-content\/uploads\/2025\/11\/Miloamando-768x536.jpg 768w, https:\/\/kleintiernothilfe.de\/wp-content\/uploads\/2025\/11\/Miloamando.jpg 1080w\" sizes=\"auto, (max-width: 767px) 89vw, (max-width: 1000px) 54vw, (max-width: 1071px) 543px, 580px\" \/><\/figure>\n<\/div><\/div><\/div>\n<\/div>\n\n\n\n<div class=\"wp-block-column is-vertically-aligned-center is-layout-flow wp-block-column-is-layout-flow\" style=\"flex-basis:33.33%\">\n<p><\/p>\n<\/div>\n<\/div>\n\n\n\n\n\n<p><\/p>\n","protected":false},"excerpt":{"rendered":"<p>Individuelle Vermittlung und verantwortungsvolle Abgabe unserer Sch\u00fctzlinge Bei uns wird jede Katze individuell vermittelt, um sicherzustellen, dass sie in das passende Zuhause kommt, in dem sie sich sicher und wohl f\u00fchlt. Unsere Katzen leben in sozialen Gruppen, wodurch sie eine gute soziale Pr\u00e4gung erfahren und sich optimal entwickeln k\u00f6nnen. In den meisten F\u00e4llen wartet bereits &hellip; <\/p>\n<p class=\"link-more\"><a href=\"https:\/\/kleintiernothilfe.de\/?page_id=15\" class=\"more-link\"><span class=\"screen-reader-text\">\u201eVermittlung von Katzen\u201c <\/span>weiterlesen<\/a><\/p>\n","protected":false},"author":1,"featured_media":0,"parent":0,"menu_order":0,"comment_status":"closed","ping_status":"closed","template":"","meta":{"footnotes":"[]"},"class_list":["post-15","page","type-page","status-publish","hentry"],"_links":{"self":[{"href":"https:\/\/kleintiernothilfe.de\/index.php?rest_route=\/wp\/v2\/pages\/15","targetHints":{"allow":["GET"]}}],"collection":[{"href":"https:\/\/kleintiernothilfe.de\/index.php?rest_route=\/wp\/v2\/pages"}],"about":[{"href":"https:\/\/kleintiernothilfe.de\/index.php?rest_route=\/wp\/v2\/types\/page"}],"author":[{"embeddable":true,"href":"https:\/\/kleintiernothilfe.de\/index.php?rest_route=\/wp\/v2\/users\/1"}],"replies":[{"embeddable":true,"href":"https:\/\/kleintiernothilfe.de\/index.php?rest_route=%2Fwp%2Fv2%2Fcomments&post=15"}],"version-history":[{"count":6,"href":"https:\/\/kleintiernothilfe.de\/index.php?rest_route=\/wp\/v2\/pages\/15\/revisions"}],"predecessor-version":[{"id":196,"href":"https:\/\/kleintiernothilfe.de\/index.php?rest_route=\/wp\/v2\/pages\/15\/revisions\/196"}],"wp:attachment":[{"href":"https:\/\/kleintiernothilfe.de\/index.php?rest_route=%2Fwp%2Fv2%2Fmedia&parent=15"}],"curies":[{"name":"wp","href":"https:\/\/api.w.org\/{rel}","templated":true}]}}