{"id":13,"date":"2022-05-01T16:41:02","date_gmt":"2022-05-01T16:41:02","guid":{"rendered":"https:\/\/kleintiernothilfe.de\/?page_id=13"},"modified":"2025-11-23T18:55:52","modified_gmt":"2025-11-23T18:55:52","slug":"vermittlung","status":"publish","type":"page","link":"https:\/\/kleintiernothilfe.de\/?page_id=13","title":{"rendered":"Vermittlung"},"content":{"rendered":"\n<p>Vorab:<\/p>\n\n\n\n<p>Die vollst\u00e4ndige \u00dcbereignung eines unserer Sch\u00fctzlinge wird erst mit der vollst\u00e4ndigen Ausf\u00fcllung s\u00e4mtlicher Angaben und der Unterzeichnung des Schutzvertrags durch beide Parteien rechtskr\u00e4ftig.<br>Dies geschieht zum Schutz unserer Tiere.<br>Ein Vertrag wird erst dann ausgeh\u00e4ndigt, wenn ein Haltungsnachweis erbracht wurde. Dies bedeutet, dass wir sicherstellen m\u00f6chten, in welche Umgebung unser Sch\u00fctzling letztlich gelangt und welche Lebensbedingungen ihn dort erwarten. Wir legen gro\u00dfen Wert darauf, dass unsere Sch\u00fctzlinge in einem geeigneten und verantwortungsvollen Zuhause Platz finden.<br><br>Alle unsere Sch\u00fctzlinge ziehen nur geimpft, mehr fach entwurmt udn mit Gesundheitscheck aus.<br>Bitte beachten Sie dennoch, dass wir ausschlie\u00dflich Sammelkotproben durchf\u00fchren. Da diese Methode mehrere Tiere umfasst, kann es leider vorkommen, dass ein einzelnes Tier bei der Untersuchung \u00fcbersehen wird. Wir m\u00f6chten Sie darauf hinweisen, dass in solchen F\u00e4llen eine sp\u00e4tere Feststellung von Gesundheitsproblemen m\u00f6glich ist. Wir empfehlen daher, regelm\u00e4\u00dfige Kontrollen durchzuf\u00fchren und bei auff\u00e4lligen Symptomen, gerade wenn bereits zwei Wochen nach Einzug verstrichen sind und es sich nicht mehr um eine Stressreaktion handeln kann, uns umgehend zu informieren.<br><br><\/p>\n\n\n\n<figure class=\"wp-block-image size-large\"><img loading=\"lazy\" decoding=\"async\" width=\"792\" height=\"1024\" src=\"https:\/\/kleintiernothilfe.de\/wp-content\/uploads\/2025\/11\/492540577_1048667500740146_1019247570591229070_n-792x1024.jpg\" alt=\"\" class=\"wp-image-188\" srcset=\"https:\/\/kleintiernothilfe.de\/wp-content\/uploads\/2025\/11\/492540577_1048667500740146_1019247570591229070_n-792x1024.jpg 792w, https:\/\/kleintiernothilfe.de\/wp-content\/uploads\/2025\/11\/492540577_1048667500740146_1019247570591229070_n-232x300.jpg 232w, https:\/\/kleintiernothilfe.de\/wp-content\/uploads\/2025\/11\/492540577_1048667500740146_1019247570591229070_n-768x993.jpg 768w, https:\/\/kleintiernothilfe.de\/wp-content\/uploads\/2025\/11\/492540577_1048667500740146_1019247570591229070_n.jpg 1080w\" sizes=\"auto, (max-width: 767px) 89vw, (max-width: 1000px) 54vw, (max-width: 1071px) 543px, 580px\" \/><\/figure>\n","protected":false},"excerpt":{"rendered":"<p>Vorab: Die vollst\u00e4ndige \u00dcbereignung eines unserer Sch\u00fctzlinge wird erst mit der vollst\u00e4ndigen Ausf\u00fcllung s\u00e4mtlicher Angaben und der Unterzeichnung des Schutzvertrags durch beide Parteien rechtskr\u00e4ftig.Dies geschieht zum Schutz unserer Tiere.Ein Vertrag wird erst dann ausgeh\u00e4ndigt, wenn ein Haltungsnachweis erbracht wurde. Dies bedeutet, dass wir sicherstellen m\u00f6chten, in welche Umgebung unser Sch\u00fctzling letztlich gelangt und welche Lebensbedingungen &hellip; <\/p>\n<p class=\"link-more\"><a href=\"https:\/\/kleintiernothilfe.de\/?page_id=13\" class=\"more-link\"><span class=\"screen-reader-text\">\u201eVermittlung\u201c <\/span>weiterlesen<\/a><\/p>\n","protected":false},"author":1,"featured_media":0,"parent":0,"menu_order":0,"comment_status":"closed","ping_status":"closed","template":"","meta":{"footnotes":""},"class_list":["post-13","page","type-page","status-publish","hentry"],"_links":{"self":[{"href":"https:\/\/kleintiernothilfe.de\/index.php?rest_route=\/wp\/v2\/pages\/13","targetHints":{"allow":["GET"]}}],"collection":[{"href":"https:\/\/kleintiernothilfe.de\/index.php?rest_route=\/wp\/v2\/pages"}],"about":[{"href":"https:\/\/kleintiernothilfe.de\/index.php?rest_route=\/wp\/v2\/types\/page"}],"author":[{"embeddable":true,"href":"https:\/\/kleintiernothilfe.de\/index.php?rest_route=\/wp\/v2\/users\/1"}],"replies":[{"embeddable":true,"href":"https:\/\/kleintiernothilfe.de\/index.php?rest_route=%2Fwp%2Fv2%2Fcomments&post=13"}],"version-history":[{"count":3,"href":"https:\/\/kleintiernothilfe.de\/index.php?rest_route=\/wp\/v2\/pages\/13\/revisions"}],"predecessor-version":[{"id":189,"href":"https:\/\/kleintiernothilfe.de\/index.php?rest_route=\/wp\/v2\/pages\/13\/revisions\/189"}],"wp:attachment":[{"href":"https:\/\/kleintiernothilfe.de\/index.php?rest_route=%2Fwp%2Fv2%2Fmedia&parent=13"}],"curies":[{"name":"wp","href":"https:\/\/api.w.org\/{rel}","templated":true}]}}