{"id":11,"date":"2022-05-01T16:40:42","date_gmt":"2022-05-01T16:40:42","guid":{"rendered":"https:\/\/kleintiernothilfe.de\/?page_id=11"},"modified":"2025-11-16T23:53:24","modified_gmt":"2025-11-16T23:53:24","slug":"ueber-uns","status":"publish","type":"page","link":"https:\/\/kleintiernothilfe.de\/?page_id=11","title":{"rendered":"\u00dcber uns"},"content":{"rendered":"\n<p class=\"has-text-align-center\"><strong><em>\u2013 Wo jedes Leben z\u00e4hlt<\/em><\/strong><\/p>\n\n\n\n<figure class=\"wp-block-pullquote\"><blockquote><p>In unserer Station Klein.Tiernothilfe Th\u00fcringen e.V. arbeiten elf Menschen mit einem gemeinsamen Herzen:<br>Wir wollen Tieren in Not eine echte Chance geben.<br>Eine Chance auf W\u00e4rme.<br>Eine Chance auf F\u00fcrsorge.<br>Eine Chance auf Leben.<br>Unser Hauptsitz in Greu\u00dfen ist der Mittelpunkt dieser Arbeit \u2013 ein Ort, an dem Hoffnung beginnt und kleine Wunder jeden Tag m\u00f6glich werden.<br>Da Sicherheit f\u00fcr unsere Sch\u00fctzlinge oberste Priorit\u00e4t hat, sind die Quarant\u00e4ne und die Krankenstation ausgelagert.<br>Dort k\u00fcmmern sich Uli und Susi mit unendlicher Ruhe, Geduld und Erfahrung um jene, die es am dringendsten brauchen.<\/p><\/blockquote><\/figure>\n\n\n\n<p class=\"has-text-align-center\">&#8212;<\/p>\n\n\n\n<figure class=\"wp-block-image size-large is-resized\"><img loading=\"lazy\" decoding=\"async\" width=\"830\" height=\"1024\" src=\"https:\/\/kleintiernothilfe.de\/wp-content\/uploads\/2025\/11\/Screenshot_20250430_172120_com_facebook_katana_ImmersiveActivity-2-830x1024.jpg\" alt=\"\" class=\"wp-image-120\" style=\"width:416px;height:auto\" srcset=\"https:\/\/kleintiernothilfe.de\/wp-content\/uploads\/2025\/11\/Screenshot_20250430_172120_com_facebook_katana_ImmersiveActivity-2-830x1024.jpg 830w, https:\/\/kleintiernothilfe.de\/wp-content\/uploads\/2025\/11\/Screenshot_20250430_172120_com_facebook_katana_ImmersiveActivity-2-243x300.jpg 243w, https:\/\/kleintiernothilfe.de\/wp-content\/uploads\/2025\/11\/Screenshot_20250430_172120_com_facebook_katana_ImmersiveActivity-2-768x948.jpg 768w, https:\/\/kleintiernothilfe.de\/wp-content\/uploads\/2025\/11\/Screenshot_20250430_172120_com_facebook_katana_ImmersiveActivity-2.jpg 1080w\" sizes=\"auto, (max-width: 767px) 89vw, (max-width: 1000px) 54vw, (max-width: 1071px) 543px, 580px\" \/><\/figure>\n\n\n\n<p><\/p>\n\n\n\n<p><\/p>\n\n\n\n<p><\/p>\n\n\n\n<h2 class=\"wp-block-heading\">Unser Team \u2013 elf Herzen, ein Ziel<\/h2>\n\n\n\n<p>Jede von uns bringt besondere St\u00e4rken mit, und genau diese Vielfalt macht unsere Arbeit m\u00f6glich:<\/p>\n\n\n\n<p>Anne Meusel \u2013 unsere warme Stimme nach au\u00dfen, Social Media mit Herz<\/p>\n\n\n\n<p>Anne F. \u2013 die weltbeste Katzenf\u00e4ngerin und Kastrationsbeauftragte<\/p>\n\n\n\n<p>Celina \u2013 Tierpflegerin mit \u00a711-Erlaubnis, ein sanfter Schutzraum f\u00fcr geimpfte Jungkatzen in ihrer Pension \u201eOtto\u201c<\/p>\n\n\n\n<p>Franzi \u2013 schenkt verwilderten Streunern eine Zuflucht voller Sicherheit<\/p>\n\n\n\n<p>Kira \u2013 Gr\u00fcnderin, Aufzuchtspflegerin mit Schwerpunkt auf Klein- und Heimtiere, besonders Hasenartige &amp; Neonatal-Intensivpflege<\/p>\n\n\n\n<p>Margit \u2013 unsere verl\u00e4ssliche Logistik- und Futterfee, die das Rad am Laufen h\u00e4lt<\/p>\n\n\n\n<p>Steffi N. \u2013 erfahren im Kaninchenschutz, Vermittlerin mit Herz &amp; wichtiges Bindeglied zum NABU S\u00f6mmerda<\/p>\n\n\n\n<p>Susi \u2013 f\u00fchrt mit Hingabe unsere externe Krankenstation und ihre genehmigte Pflegestelle<\/p>\n\n\n\n<p>Uli \u2013 verantwortet mit ihrer \u00a711-Erlaubnis die externe Quarant\u00e4ne und engagiert sich im Katzenschutz<\/p>\n\n\n\n<p>Yvonne \u2013 unsere gewissenhafte Kassenwartin, die daf\u00fcr sorgt, dass Hilfe genau dort ankommt, wo sie gebraucht wird<\/p>\n\n\n\n<p>Olivia \u2013 unsere Wildtierpflegestelle und die Seele unserer Schwesternstation Wild.Tiernothilfe Th\u00fcringen.<\/p>\n\n\n\n<p>Mit sicherem Blick und gro\u00dfem Herzen k\u00fcmmert sie sich um verletzte, verwaiste und hilflose Wildtiere und schenkt ihnen eine echte Chance auf Freiheit.<\/p>\n\n\n\n<p>Jeder Name steht f\u00fcr Hingabe.<\/p>\n\n\n\n<p>Jeder Tag steht f\u00fcr Einsatz.<\/p>\n\n\n\n<p>Jedes gerettete Leben zeigt uns, warum wir all das tun.<\/p>\n\n\n\n<p>&#8212;<\/p>\n\n\n\n<figure class=\"wp-block-image size-large is-resized\"><img loading=\"lazy\" decoding=\"async\" width=\"638\" height=\"1024\" src=\"https:\/\/kleintiernothilfe.de\/wp-content\/uploads\/2025\/11\/Screenshot_20250430_171526_com_facebook_katana_ImmersiveActivity1-2-638x1024.jpg\" alt=\"\" class=\"wp-image-122\" style=\"width:372px;height:auto\" srcset=\"https:\/\/kleintiernothilfe.de\/wp-content\/uploads\/2025\/11\/Screenshot_20250430_171526_com_facebook_katana_ImmersiveActivity1-2-638x1024.jpg 638w, https:\/\/kleintiernothilfe.de\/wp-content\/uploads\/2025\/11\/Screenshot_20250430_171526_com_facebook_katana_ImmersiveActivity1-2-187x300.jpg 187w, https:\/\/kleintiernothilfe.de\/wp-content\/uploads\/2025\/11\/Screenshot_20250430_171526_com_facebook_katana_ImmersiveActivity1-2-768x1232.jpg 768w, https:\/\/kleintiernothilfe.de\/wp-content\/uploads\/2025\/11\/Screenshot_20250430_171526_com_facebook_katana_ImmersiveActivity1-2-957x1536.jpg 957w, https:\/\/kleintiernothilfe.de\/wp-content\/uploads\/2025\/11\/Screenshot_20250430_171526_com_facebook_katana_ImmersiveActivity1-2.jpg 1080w\" sizes=\"auto, (max-width: 638px) 100vw, 638px\" \/><\/figure>\n\n\n\n<h2 class=\"wp-block-heading\">Unsere Arbeit \u2013 dort, wo Hoffnung beginnt<\/h2>\n\n\n\n<p>Jedes Jahr begleiten wir:<\/p>\n\n\n\n<p>bis zu 200 Ammen- und ammengebundene Aufzuchten<\/p>\n\n\n\n<p>bis zu 180 Handaufzuchten, viele davon intensivmedizinisch<\/p>\n\n\n\n<p>bis zu 350 Tiere, die unsere Hilfe brauchen<\/p>\n\n\n\n<p>Unsere Station bietet au\u00dferdem:<\/p>\n\n\n\n<p>8 Volieren mit Platz f\u00fcr bis zu 120 Kaninchen und Meerschweinchen<\/p>\n\n\n\n<p>4 Katzenfreilaufr\u00e4ume mit insgesamt 30 m\u00b2<\/p>\n\n\n\n<p>Jedes Tier bringt seine eigene Geschichte mit \u2013 manche schwer, manche still.<\/p>\n\n\n\n<p>Wir schenken ihnen Zeit.<\/p>\n\n\n\n<p>Wir schenken ihnen Hoffnung.<\/p>\n\n\n\n<p>Und wir schenken ihnen eine Zukunft.<\/p>\n\n\n\n<figure class=\"wp-block-image size-large\"><img loading=\"lazy\" decoding=\"async\" width=\"698\" height=\"1024\" src=\"https:\/\/kleintiernothilfe.de\/wp-content\/uploads\/2025\/11\/06aac9335fff86daf5d0a7e57d70b327-698x1024.jpg\" alt=\"\" class=\"wp-image-124\" srcset=\"https:\/\/kleintiernothilfe.de\/wp-content\/uploads\/2025\/11\/06aac9335fff86daf5d0a7e57d70b327-698x1024.jpg 698w, https:\/\/kleintiernothilfe.de\/wp-content\/uploads\/2025\/11\/06aac9335fff86daf5d0a7e57d70b327-205x300.jpg 205w, https:\/\/kleintiernothilfe.de\/wp-content\/uploads\/2025\/11\/06aac9335fff86daf5d0a7e57d70b327-768x1126.jpg 768w, https:\/\/kleintiernothilfe.de\/wp-content\/uploads\/2025\/11\/06aac9335fff86daf5d0a7e57d70b327-1047x1536.jpg 1047w, https:\/\/kleintiernothilfe.de\/wp-content\/uploads\/2025\/11\/06aac9335fff86daf5d0a7e57d70b327.jpg 1080w\" sizes=\"auto, (max-width: 698px) 100vw, 698px\" \/><\/figure>\n","protected":false},"excerpt":{"rendered":"<p>\u2013 Wo jedes Leben z\u00e4hlt In unserer Station Klein.Tiernothilfe Th\u00fcringen e.V. arbeiten elf Menschen mit einem gemeinsamen Herzen:Wir wollen Tieren in Not eine echte Chance geben.Eine Chance auf W\u00e4rme.Eine Chance auf F\u00fcrsorge.Eine Chance auf Leben.Unser Hauptsitz in Greu\u00dfen ist der Mittelpunkt dieser Arbeit \u2013 ein Ort, an dem Hoffnung beginnt und kleine Wunder jeden Tag &hellip; <\/p>\n<p class=\"link-more\"><a href=\"https:\/\/kleintiernothilfe.de\/?page_id=11\" class=\"more-link\"><span class=\"screen-reader-text\">\u201e\u00dcber uns\u201c <\/span>weiterlesen<\/a><\/p>\n","protected":false},"author":1,"featured_media":0,"parent":0,"menu_order":0,"comment_status":"closed","ping_status":"closed","template":"","meta":{"footnotes":""},"class_list":["post-11","page","type-page","status-publish","hentry"],"_links":{"self":[{"href":"https:\/\/kleintiernothilfe.de\/index.php?rest_route=\/wp\/v2\/pages\/11","targetHints":{"allow":["GET"]}}],"collection":[{"href":"https:\/\/kleintiernothilfe.de\/index.php?rest_route=\/wp\/v2\/pages"}],"about":[{"href":"https:\/\/kleintiernothilfe.de\/index.php?rest_route=\/wp\/v2\/types\/page"}],"author":[{"embeddable":true,"href":"https:\/\/kleintiernothilfe.de\/index.php?rest_route=\/wp\/v2\/users\/1"}],"replies":[{"embeddable":true,"href":"https:\/\/kleintiernothilfe.de\/index.php?rest_route=%2Fwp%2Fv2%2Fcomments&post=11"}],"version-history":[{"count":2,"href":"https:\/\/kleintiernothilfe.de\/index.php?rest_route=\/wp\/v2\/pages\/11\/revisions"}],"predecessor-version":[{"id":125,"href":"https:\/\/kleintiernothilfe.de\/index.php?rest_route=\/wp\/v2\/pages\/11\/revisions\/125"}],"wp:attachment":[{"href":"https:\/\/kleintiernothilfe.de\/index.php?rest_route=%2Fwp%2Fv2%2Fmedia&parent=11"}],"curies":[{"name":"wp","href":"https:\/\/api.w.org\/{rel}","templated":true}]}}